{"id":496,"date":"2024-06-14T08:14:03","date_gmt":"2024-06-14T06:14:03","guid":{"rendered":"https:\/\/dev.osfs.world\/privacidade-digital\/"},"modified":"2024-06-14T08:14:04","modified_gmt":"2024-06-14T06:14:04","slug":"privacidade-digital","status":"publish","type":"page","link":"https:\/\/osfs.world\/pt-br\/privacidade-digital\/","title":{"rendered":"Privacidade digital"},"content":{"rendered":"\n<p>A tarefa do processamento de dados no setor eclesi\u00e1stico \u00e9 promover as atividades das institui\u00e7\u00f5es de nossa prov\u00edncia. Deve-se garantir que os direitos pessoais do indiv\u00edduo sejam protegidos por meio do manuseio de seus dados pessoais. Com base no direito da Igreja Cat\u00f3lica de regular seus pr\u00f3prios assuntos, a Portaria sobre Prote\u00e7\u00e3o de Dados Eclesi\u00e1sticos, na vers\u00e3o datada de 8 de maio de 2012, \u00e9 promulgada para a jurisdi\u00e7\u00e3o dos Oblatos de S\u00e3o Francisco de Sales na Alemanha. <\/p>\n\n<h2 class=\"wp-block-heading\">Pol\u00edtica de privacidade para o uso do Google Analytics<\/h2>\n\n<p>Este site usa o Google Analytics, um servi\u00e7o de an\u00e1lise da Web fornecido pelo Google Inc. (&#8220;Google&#8221;). O Google Analytics usa &#8220;cookies&#8221;, que s\u00e3o arquivos de texto colocados no seu computador, para ajudar o site a analisar como os usu\u00e1rios usam o site. As informa\u00e7\u00f5es geradas pelo cookie sobre seu uso deste site geralmente s\u00e3o transmitidas para um servidor do Google nos EUA e armazenadas l\u00e1.<\/p>\n\n<p>No entanto, se a anonimiza\u00e7\u00e3o de IP estiver ativada neste site, seu endere\u00e7o de IP ser\u00e1 encurtado previamente pelo Google nos estados membros da Uni\u00e3o Europeia ou em outros estados contratantes do Acordo sobre o Espa\u00e7o Econ\u00f4mico Europeu. Somente em casos excepcionais o endere\u00e7o IP completo ser\u00e1 transmitido para um servidor do Google nos EUA e encurtado l\u00e1. Em nome do operador deste site, o Google usar\u00e1 essas informa\u00e7\u00f5es para avaliar seu uso do site, para compilar relat\u00f3rios sobre a atividade do site e para fornecer outros servi\u00e7os relacionados \u00e0 atividade do site e ao uso da Internet para o operador do site. O endere\u00e7o IP transmitido pelo seu navegador como parte do Google Analytics n\u00e3o ser\u00e1 mesclado com outros dados do Google.<\/p>\n\n<p>Voc\u00ea pode recusar o uso de cookies selecionando as configura\u00e7\u00f5es apropriadas em seu navegador; no entanto, observe que, se fizer isso, talvez n\u00e3o consiga usar todas as funcionalidades deste site. Voc\u00ea tamb\u00e9m pode impedir que o Google colete os dados gerados pelo cookie e relacionados ao seu uso do site (incluindo seu endere\u00e7o IP) e que esses dados sejam processados pelo Google baixando e instalando o plug-in do navegador dispon\u00edvel no seguinte link <a href=\"http:\/\/tools.google.com\/dlpage\/gaoptout?hl=de\" target=\"_blank\" rel=\"noreferrer noopener\">http:\/\/tools.google.com\/dlpage\/gaoptout?hl=de<\/a>.<\/p>\n\n<h2 class=\"wp-block-heading\">O respons\u00e1vel pela prote\u00e7\u00e3o de dados para a jurisdi\u00e7\u00e3o dos Oblatos de S\u00e3o Francisco de Sales na Alemanha \u00e9: <\/h2>\n\n<p><strong>Jupp Joachimski<\/strong><br\/>(Diretor diocesano de prote\u00e7\u00e3o de dados)<br\/>Rochusstra\u00dfe 5<br\/>80333 Munique<br\/>Telefone: 0173 8467227 (toda ter\u00e7a-feira, das 14:00 \u00e0s 17:00)<br\/>E-Mail: <a href=\"mailto:joachimski@orden.de\" target=\"_blank\" rel=\"noreferrer noopener\">joachimski@orden.de<\/a><\/p>\n\n<p><strong>P. Sebastian Leitner<\/strong><br\/>(Diretor de prote\u00e7\u00e3o de dados da empresa)<br\/>Telefone: 0043 1 320 66 97<br\/>E-Mail: <a href=\"mailto:leitner@osfs.eu\" target=\"_blank\" rel=\"noreferrer noopener\">leitner@osfs.eu<\/a><\/p>\n\n<h2 class=\"wp-block-heading\">Validade legal desta isen\u00e7\u00e3o de responsabilidade<\/h2>\n\n<p>Esta isen\u00e7\u00e3o de responsabilidade deve ser considerada como parte integrante do site a partir do qual voc\u00ea foi encaminhado para esta p\u00e1gina.<\/p>\n\n<p>Se disposi\u00e7\u00f5es individuais destes termos de uso e da isen\u00e7\u00e3o de responsabilidade forem ou se tornarem inv\u00e1lidas ou nulas, isso n\u00e3o afetar\u00e1 a validade das demais disposi\u00e7\u00f5es destes regulamentos.<\/p>\n","protected":false},"excerpt":{"rendered":"<p>A tarefa do processamento de dados no setor eclesi\u00e1stico \u00e9 promover as atividades das institui\u00e7\u00f5es de nossa prov\u00edncia. Deve-se garantir que os direitos pessoais do indiv\u00edduo sejam protegidos por meio do manuseio de seus dados pessoais. Com base no direito da Igreja Cat\u00f3lica de regular seus pr\u00f3prios assuntos, a Portaria sobre Prote\u00e7\u00e3o de Dados Eclesi\u00e1sticos, [&hellip;]<\/p>\n","protected":false},"author":1,"featured_media":0,"parent":0,"menu_order":0,"comment_status":"closed","ping_status":"closed","template":"","meta":{"_acf_changed":false,"footnotes":""},"class_list":["post-496","page","type-page","status-publish","hentry"],"acf":[],"_links":{"self":[{"href":"https:\/\/osfs.world\/pt-br\/wp-json\/wp\/v2\/pages\/496","targetHints":{"allow":["GET"]}}],"collection":[{"href":"https:\/\/osfs.world\/pt-br\/wp-json\/wp\/v2\/pages"}],"about":[{"href":"https:\/\/osfs.world\/pt-br\/wp-json\/wp\/v2\/types\/page"}],"author":[{"embeddable":true,"href":"https:\/\/osfs.world\/pt-br\/wp-json\/wp\/v2\/users\/1"}],"replies":[{"embeddable":true,"href":"https:\/\/osfs.world\/pt-br\/wp-json\/wp\/v2\/comments?post=496"}],"version-history":[{"count":1,"href":"https:\/\/osfs.world\/pt-br\/wp-json\/wp\/v2\/pages\/496\/revisions"}],"predecessor-version":[{"id":497,"href":"https:\/\/osfs.world\/pt-br\/wp-json\/wp\/v2\/pages\/496\/revisions\/497"}],"wp:attachment":[{"href":"https:\/\/osfs.world\/pt-br\/wp-json\/wp\/v2\/media?parent=496"}],"curies":[{"name":"wp","href":"https:\/\/api.w.org\/{rel}","templated":true}]}}