{"id":407,"date":"2024-06-08T14:35:39","date_gmt":"2024-06-08T12:35:39","guid":{"rendered":"https:\/\/dev.osfs.world\/impressao\/"},"modified":"2024-06-10T20:20:02","modified_gmt":"2024-06-10T18:20:02","slug":"impressao","status":"publish","type":"page","link":"https:\/\/osfs.world\/pt-br\/impressao\/","title":{"rendered":"Impress\u00e3o"},"content":{"rendered":"\t\t<div data-elementor-type=\"wp-page\" data-elementor-id=\"407\" class=\"elementor elementor-407 elementor-237\" data-elementor-post-type=\"page\">\n\t\t\t\t\t\t<section class=\"elementor-section elementor-top-section elementor-element elementor-element-6f5f1ebd elementor-section-boxed elementor-section-height-default elementor-section-height-default\" data-id=\"6f5f1ebd\" data-element_type=\"section\" data-e-type=\"section\" data-settings=\"{&quot;jet_parallax_layout_list&quot;:[]}\">\n\t\t\t\t\t\t<div class=\"elementor-container elementor-column-gap-default\">\n\t\t\t\t\t<div class=\"elementor-column elementor-col-100 elementor-top-column elementor-element elementor-element-7c1ae11c\" data-id=\"7c1ae11c\" data-element_type=\"column\" data-e-type=\"column\">\n\t\t\t<div class=\"elementor-widget-wrap elementor-element-populated\">\n\t\t\t\t\t\t<div class=\"elementor-element elementor-element-1eebb4b8 elementor-widget elementor-widget-text-editor\" data-id=\"1eebb4b8\" data-element_type=\"widget\" data-e-type=\"widget\" data-widget_type=\"text-editor.default\">\n\t\t\t\t<div class=\"elementor-widget-container\">\n\t\t\t\t\t\t\t\t\t\n<h2 class=\"wp-block-heading\">Propriet\u00e1rio do site:<\/h2>\n\n<p>Oblatos de S\u00e3o Francisco de Sales (OSFS)<br>Congrega\u00e7\u00e3o religiosa da Igreja Cat\u00f3lica<\/p>\n\n<p><strong>Superior Geral:<br><\/strong>Barry R. Strong<br>OSFS Curia Generalizia<br>Via Dandolo 49<br>00153 Roma<br>It\u00e1lia<\/p>\n<p><strong>Escrit\u00f3rio editorial<\/strong><br>Herbert Winklehner<br>Ettingshausengasse 1<br>1190 Viena<br>\u00c1ustria<\/p>\n\n<h2 class=\"wp-block-heading\">Conte\u00fado do site:<\/h2>\n\n<p>A operadora n\u00e3o assume nenhuma responsabilidade pela atualidade, corre\u00e7\u00e3o, integridade ou qualidade das informa\u00e7\u00f5es fornecidas. As reivindica\u00e7\u00f5es de responsabilidade contra a operadora relacionadas a danos materiais ou imateriais causados pelo uso ou n\u00e3o uso das informa\u00e7\u00f5es fornecidas ou pelo uso de informa\u00e7\u00f5es incorretas ou incompletas s\u00e3o fundamentalmente exclu\u00eddas, a menos que haja evid\u00eancia de inten\u00e7\u00e3o deliberada ou neglig\u00eancia grave por parte da operadora.<\/p>\n<p>Todas as ofertas est\u00e3o sujeitas a altera\u00e7\u00f5es e n\u00e3o s\u00e3o vinculativas. A operadora se reserva expressamente o direito de alterar, complementar ou excluir partes das p\u00e1ginas ou toda a oferta sem aviso pr\u00e9vio ou de interromper a publica\u00e7\u00e3o tempor\u00e1ria ou permanentemente.<\/p>\n\n<h2 class=\"wp-block-heading\">Links:<\/h2>\n\n<p>No caso de refer\u00eancias diretas ou indiretas a sites externos (&#8220;hiperlinks&#8221;) que estejam fora da \u00e1rea de responsabilidade da operadora, a obriga\u00e7\u00e3o de responsabilidade s\u00f3 entrar\u00e1 em vigor se a operadora estiver ciente do conte\u00fado e se for tecnicamente poss\u00edvel e razo\u00e1vel para ela impedir o uso no caso de conte\u00fado ilegal.<\/p>\n<p>O operador declara expressamente que nenhum conte\u00fado ilegal foi reconhecido nas p\u00e1ginas vinculadas no momento em que os links foram criados. A operadora n\u00e3o tem nenhuma influ\u00eancia sobre o design, o conte\u00fado ou a autoria atuais e futuros das p\u00e1ginas vinculadas. Portanto, por meio deste documento, nos distanciamos expressamente de todo o conte\u00fado de todas as p\u00e1ginas vinculadas que foram alteradas ap\u00f3s a cria\u00e7\u00e3o do link. Esta declara\u00e7\u00e3o se aplica a todos os links e refer\u00eancias definidos na pr\u00f3pria oferta da Internet, bem como a entradas externas em livros de visitas, f\u00f3runs de discuss\u00e3o e listas de discuss\u00e3o criadas pela operadora. Por conte\u00fados ilegais, incorretos ou incompletos e, em particular, por danos resultantes do uso ou n\u00e3o uso de tais informa\u00e7\u00f5es, somente o provedor da p\u00e1gina \u00e0 qual se faz refer\u00eancia \u00e9 respons\u00e1vel, e n\u00e3o a pessoa que meramente se refere \u00e0 respectiva publica\u00e7\u00e3o por meio de links.<\/p>\n<h2>Lei de direitos autorais e rotulagem:<\/h2>\n<p>A operadora se esfor\u00e7a para observar os direitos autorais dos gr\u00e1ficos, documentos sonoros, sequ\u00eancias de v\u00eddeo e textos usados em todas as publica\u00e7\u00f5es, para usar gr\u00e1ficos, documentos sonoros, sequ\u00eancias de v\u00eddeo e textos criados por ela mesma ou para usar gr\u00e1ficos, documentos sonoros, sequ\u00eancias de v\u00eddeo e textos isentos de licen\u00e7a.<\/p>\n<p>Todos os nomes de marcas e marcas comerciais mencionados no site e possivelmente protegidos por terceiros est\u00e3o sujeitos, sem restri\u00e7\u00f5es, \u00e0s disposi\u00e7\u00f5es da lei de marcas comerciais aplic\u00e1vel e aos direitos de propriedade dos respectivos propriet\u00e1rios registrados. A simples men\u00e7\u00e3o de uma marca registrada n\u00e3o implica que ela n\u00e3o esteja protegida por direitos de terceiros!<\/p>\n<p>Os direitos de utiliza\u00e7\u00e3o e uso (direitos autorais) dos objetos publicados criados pelo pr\u00f3prio operador permanecem exclusivamente com o operador das p\u00e1ginas. A reprodu\u00e7\u00e3o ou o uso de tais gr\u00e1ficos, documentos sonoros, sequ\u00eancias de v\u00eddeo e textos em outras publica\u00e7\u00f5es eletr\u00f4nicas ou impressas n\u00e3o \u00e9 permitida sem o consentimento expresso da operadora.<\/p>\n\n<h2 class=\"wp-block-heading\">Prote\u00e7\u00e3o de dados:<\/h2>\n\n<p>Todos os dados pessoais s\u00e3o protegidos por uma senha. Sua publica\u00e7\u00e3o \u00e9 baseada no consentimento das pessoas envolvidas.<\/p>\n\t\t\t\t\t\t\t\t<\/div>\n\t\t\t\t<\/div>\n\t\t\t\t\t<\/div>\n\t\t<\/div>\n\t\t\t\t\t<\/div>\n\t\t<\/section>\n\t\t\t\t<\/div>\n\t\t","protected":false},"excerpt":{"rendered":"<p>Propriet\u00e1rio do site: Oblatos de S\u00e3o Francisco de Sales (OSFS)Congrega\u00e7\u00e3o religiosa da Igreja Cat\u00f3lica Superior Geral:Barry R. StrongOSFS Curia GeneraliziaVia Dandolo 4900153 RomaIt\u00e1lia Escrit\u00f3rio editorialHerbert WinklehnerEttingshausengasse 11190 Viena\u00c1ustria Conte\u00fado do site: A operadora n\u00e3o assume nenhuma responsabilidade pela atualidade, corre\u00e7\u00e3o, integridade ou qualidade das informa\u00e7\u00f5es fornecidas. As reivindica\u00e7\u00f5es de responsabilidade contra a operadora relacionadas a [&hellip;]<\/p>\n","protected":false},"author":1,"featured_media":0,"parent":0,"menu_order":0,"comment_status":"closed","ping_status":"closed","template":"","meta":{"_acf_changed":false,"footnotes":""},"class_list":["post-407","page","type-page","status-publish","hentry"],"acf":[],"_links":{"self":[{"href":"https:\/\/osfs.world\/pt-br\/wp-json\/wp\/v2\/pages\/407","targetHints":{"allow":["GET"]}}],"collection":[{"href":"https:\/\/osfs.world\/pt-br\/wp-json\/wp\/v2\/pages"}],"about":[{"href":"https:\/\/osfs.world\/pt-br\/wp-json\/wp\/v2\/types\/page"}],"author":[{"embeddable":true,"href":"https:\/\/osfs.world\/pt-br\/wp-json\/wp\/v2\/users\/1"}],"replies":[{"embeddable":true,"href":"https:\/\/osfs.world\/pt-br\/wp-json\/wp\/v2\/comments?post=407"}],"version-history":[{"count":2,"href":"https:\/\/osfs.world\/pt-br\/wp-json\/wp\/v2\/pages\/407\/revisions"}],"predecessor-version":[{"id":468,"href":"https:\/\/osfs.world\/pt-br\/wp-json\/wp\/v2\/pages\/407\/revisions\/468"}],"wp:attachment":[{"href":"https:\/\/osfs.world\/pt-br\/wp-json\/wp\/v2\/media?parent=407"}],"curies":[{"name":"wp","href":"https:\/\/api.w.org\/{rel}","templated":true}]}}