{"id":210,"date":"2022-09-27T11:06:55","date_gmt":"2022-09-27T09:06:55","guid":{"rendered":"https:\/\/dev.osfs.world\/osfs-world\/"},"modified":"2024-06-08T16:46:10","modified_gmt":"2024-06-08T14:46:10","slug":"osfs-world","status":"publish","type":"page","link":"https:\/\/osfs.world\/pt-br\/","title":{"rendered":"OSFS World"},"content":{"rendered":"\t\t<div data-elementor-type=\"wp-page\" data-elementor-id=\"210\" class=\"elementor elementor-210 elementor-24\" data-elementor-post-type=\"page\">\n\t\t\t\t\t\t<section class=\"elementor-section elementor-top-section elementor-element elementor-element-4260d14 elementor-section-full_width elementor-section-height-default elementor-section-height-default\" data-id=\"4260d14\" data-element_type=\"section\" data-e-type=\"section\" data-settings=\"{&quot;jet_parallax_layout_list&quot;:[]}\">\n\t\t\t\t\t\t<div class=\"elementor-container elementor-column-gap-default\">\n\t\t\t\t\t<div class=\"elementor-column elementor-col-100 elementor-top-column elementor-element elementor-element-98fcac0\" data-id=\"98fcac0\" data-element_type=\"column\" data-e-type=\"column\">\n\t\t\t<div class=\"elementor-widget-wrap elementor-element-populated\">\n\t\t\t\t\t\t<div class=\"elementor-element elementor-element-507879e elementor-widget elementor-widget-shortcode\" data-id=\"507879e\" data-element_type=\"widget\" data-e-type=\"widget\" data-widget_type=\"shortcode.default\">\n\t\t\t\t<div class=\"elementor-widget-container\">\n\t\t\t\t\t\t\t<div class=\"elementor-shortcode\"><div class=\"map_wrapper\" id=\"map_wrapper_70\">\n<div class=\"map_box\" style=\"max-width:4000px\">\n<div class=\"map_aspect_ratio\" style=\"padding-top:56%\" data-padding-top=\"56%\" data-padding-top-mobile=\"0%\">\n<div class=\"map_container\">\n<div class=\"map_render map_loading\" id=\"map_70\"><\/div>\n<\/div>\n<\/div>\n<\/div>\n<\/div><\/div>\n\t\t\t\t\t\t<\/div>\n\t\t\t\t<\/div>\n\t\t\t\t\t<\/div>\n\t\t<\/div>\n\t\t\t\t\t<\/div>\n\t\t<\/section>\n\t\t\t\t<section class=\"elementor-section elementor-top-section elementor-element elementor-element-abac63f elementor-section-boxed elementor-section-height-default elementor-section-height-default\" data-id=\"abac63f\" data-element_type=\"section\" data-e-type=\"section\" data-settings=\"{&quot;jet_parallax_layout_list&quot;:[]}\">\n\t\t\t\t\t\t<div class=\"elementor-container elementor-column-gap-default\">\n\t\t\t\t\t<div class=\"elementor-column elementor-col-100 elementor-top-column elementor-element elementor-element-7855fc0\" data-id=\"7855fc0\" data-element_type=\"column\" data-e-type=\"column\">\n\t\t\t<div class=\"elementor-widget-wrap elementor-element-populated\">\n\t\t\t\t\t\t<div class=\"elementor-element elementor-element-f97c721 elementor-widget elementor-widget-text-editor\" data-id=\"f97c721\" data-element_type=\"widget\" data-e-type=\"widget\" data-widget_type=\"text-editor.default\">\n\t\t\t\t<div class=\"elementor-widget-container\">\n\t\t\t\t\t\t\t\t\t<p><a href=\"https:\/\/desaleswa.org\/\" target=\"_blank\" rel=\"noopener\">Prov\u00edncia Fran\u00e7a-\u00c1frica Ocidental<\/a> | <a href=\"http:\/\/www.osfs-italia.net\/\" target=\"_blank\" rel=\"noopener\">Prov\u00edncia Italia<\/a> | <a href=\"http:\/\/www.osfs.eu\/\" target=\"_blank\" rel=\"noopener\">Prov\u00edncia de L\u00edngua Alem\u00e3<\/a> |<br \/><a href=\"http:\/\/www.oblaten.osfs.nl\/\" target=\"_blank\" rel=\"noopener\">Comunidade Holanda<\/a> | <a href=\"http:\/\/www.oblates.org\/\" target=\"_blank\" rel=\"noopener\">Prov\u00edncia Wilmington-Philadelphia<\/a> | <a href=\"http:\/\/www.oblates.org\/\" target=\"_blank\" rel=\"noopener\">Prov\u00edncia Toledo-Detroit<\/a> |<br \/><a href=\"https:\/\/oblatos.realizare.net\/\" target=\"_blank\" rel=\"noopener\">Prov\u00edncia Sul-americana e Caribenha<\/a> | <a href=\"http:\/\/www.osfs-saregion.net\/\" target=\"_blank\" rel=\"noopener\">Regi\u00e3o Sul-Africano<\/a> | <a href=\"http:\/\/www.oblates.in\/\" target=\"_blank\" rel=\"noopener\">Regi\u00e3o \u00cdndia<\/a><\/p>\n\t\t\t\t\t\t\t\t<\/div>\n\t\t\t\t<\/div>\n\t\t\t\t\t<\/div>\n\t\t<\/div>\n\t\t\t\t\t<\/div>\n\t\t<\/section>\n\t\t\t\t<\/div>\n\t\t","protected":false},"excerpt":{"rendered":"<p>Prov\u00edncia Fran\u00e7a-\u00c1frica Ocidental | Prov\u00edncia Italia | Prov\u00edncia de L\u00edngua Alem\u00e3 |Comunidade Holanda | Prov\u00edncia Wilmington-Philadelphia | Prov\u00edncia Toledo-Detroit |Prov\u00edncia Sul-americana e Caribenha | Regi\u00e3o Sul-Africano | Regi\u00e3o \u00cdndia<\/p>\n","protected":false},"author":1,"featured_media":0,"parent":0,"menu_order":0,"comment_status":"closed","ping_status":"closed","template":"elementor_header_footer","meta":{"_acf_changed":false,"footnotes":""},"class_list":["post-210","page","type-page","status-publish","hentry"],"acf":[],"_links":{"self":[{"href":"https:\/\/osfs.world\/pt-br\/wp-json\/wp\/v2\/pages\/210","targetHints":{"allow":["GET"]}}],"collection":[{"href":"https:\/\/osfs.world\/pt-br\/wp-json\/wp\/v2\/pages"}],"about":[{"href":"https:\/\/osfs.world\/pt-br\/wp-json\/wp\/v2\/types\/page"}],"author":[{"embeddable":true,"href":"https:\/\/osfs.world\/pt-br\/wp-json\/wp\/v2\/users\/1"}],"replies":[{"embeddable":true,"href":"https:\/\/osfs.world\/pt-br\/wp-json\/wp\/v2\/comments?post=210"}],"version-history":[{"count":14,"href":"https:\/\/osfs.world\/pt-br\/wp-json\/wp\/v2\/pages\/210\/revisions"}],"predecessor-version":[{"id":431,"href":"https:\/\/osfs.world\/pt-br\/wp-json\/wp\/v2\/pages\/210\/revisions\/431"}],"wp:attachment":[{"href":"https:\/\/osfs.world\/pt-br\/wp-json\/wp\/v2\/media?parent=210"}],"curies":[{"name":"wp","href":"https:\/\/api.w.org\/{rel}","templated":true}]}}