{"id":398,"date":"2024-06-08T14:21:45","date_gmt":"2024-06-08T12:21:45","guid":{"rendered":"https:\/\/dev.osfs.world\/impressum\/"},"modified":"2024-06-10T19:40:47","modified_gmt":"2024-06-10T17:40:47","slug":"impressum","status":"publish","type":"page","link":"https:\/\/osfs.world\/it\/impressum\/","title":{"rendered":"Impressum"},"content":{"rendered":"\t\t<div data-elementor-type=\"wp-page\" data-elementor-id=\"398\" class=\"elementor elementor-398 elementor-237\" data-elementor-post-type=\"page\">\n\t\t\t\t\t\t<section class=\"elementor-section elementor-top-section elementor-element elementor-element-6f5f1ebd elementor-section-boxed elementor-section-height-default elementor-section-height-default\" data-id=\"6f5f1ebd\" data-element_type=\"section\" data-e-type=\"section\" data-settings=\"{&quot;jet_parallax_layout_list&quot;:[]}\">\n\t\t\t\t\t\t<div class=\"elementor-container elementor-column-gap-default\">\n\t\t\t\t\t<div class=\"elementor-column elementor-col-100 elementor-top-column elementor-element elementor-element-7c1ae11c\" data-id=\"7c1ae11c\" data-element_type=\"column\" data-e-type=\"column\">\n\t\t\t<div class=\"elementor-widget-wrap elementor-element-populated\">\n\t\t\t\t\t\t<div class=\"elementor-element elementor-element-1eebb4b8 elementor-widget elementor-widget-text-editor\" data-id=\"1eebb4b8\" data-element_type=\"widget\" data-e-type=\"widget\" data-widget_type=\"text-editor.default\">\n\t\t\t\t<div class=\"elementor-widget-container\">\n\t\t\t\t\t\t\t\t\t\n<h2 class=\"wp-block-heading\">Proprietario del sito web:<\/h2>\n\n<p>Oblati di San Francesco di Sales (OSFS)<br>Congregazione religiosa della Chiesa Cattolica<\/p>\n\n<p><strong>Superiore Generale:<br><\/strong>Barry R. Strong<br>OSFS Curia Generalizia<br>Via Dandolo 49<br>00153 Roma<br>Italia<\/p>\n<p><strong>Redazione:<\/strong><br>Herbert Winklehner<br>Ettingshausengasse 1<br>1190 Vienna<br>Austria<\/p>\n\n<h2 class=\"wp-block-heading\">Contenuto del sito web:<\/h2>\n\n<p>L&#8217;operatore non si assume alcuna responsabilit\u00e0 per l&#8217;attualit\u00e0, la correttezza, la completezza o la qualit\u00e0 delle informazioni fornite. Le richieste di responsabilit\u00e0 nei confronti dell&#8217;operatore relative a danni materiali o immateriali causati dall&#8217;uso o dal mancato uso delle informazioni fornite o dall&#8217;uso di informazioni errate o incomplete sono fondamentalmente escluse, a meno che non vi siano prove di dolo o grave negligenza da parte dell&#8217;operatore.<\/p>\n<p>Tutte le offerte sono soggette a modifiche e non sono vincolanti. Il gestore si riserva espressamente il diritto di modificare, integrare o cancellare parti delle pagine o l&#8217;intera offerta senza preavviso o di interrompere temporaneamente o definitivamente la pubblicazione.<\/p>\n\n<h2 class=\"wp-block-heading\">Links:<\/h2>\n\n<p>Nel caso di riferimenti diretti o indiretti a siti web esterni (&#8220;collegamenti ipertestuali&#8221;) che si trovano al di fuori dell&#8217;area di responsabilit\u00e0 dell&#8217;operatore, l&#8217;obbligo di responsabilit\u00e0 entrerebbe in vigore solo se l&#8217;operatore fosse a conoscenza del contenuto e se fosse tecnicamente possibile e ragionevole per lui impedirne l&#8217;utilizzo nel caso di contenuti illegali.<\/p>\n<p>Il gestore dichiara espressamente che al momento della creazione dei link non erano riconoscibili contenuti illegali nelle pagine collegate. Il gestore non ha alcuna influenza sulla struttura attuale e futura, sui contenuti e sulla paternit\u00e0 delle pagine collegate. Pertanto prendiamo espressamente le distanze da tutti i contenuti di tutte le pagine collegate che sono stati modificati dopo la creazione del link. La presente dichiarazione vale per tutti i link e i riferimenti presenti all&#8217;interno della propria offerta Internet, nonch\u00e9 per le voci esterne dei libri degli ospiti, dei forum di discussione e delle mailing list istituiti dal gestore. Per i contenuti illegali, errati o incompleti e in particolare per i danni derivanti dall&#8217;uso o dal mancato uso di tali informazioni, \u00e8 responsabile solo il fornitore della pagina a cui si fa riferimento, non chi si limita a rimandare alla rispettiva pubblicazione tramite link.<\/p>\n<h2>Diritto d&#8217;autore e di etichettatura<\/h2>\n<p>Il gestore si impegna a rispettare i diritti d&#8217;autore dei grafici, dei documenti sonori, delle sequenze video e dei testi utilizzati in tutte le pubblicazioni, a utilizzare grafici, documenti sonori, sequenze video e testi creati in proprio o a utilizzare grafici, documenti sonori, sequenze video e testi privi di licenza.<\/p>\n<p>Tutti i nomi e i marchi di fabbrica citati sul sito web ed eventualmente protetti da terzi sono soggetti senza limitazioni alle disposizioni della legge sui marchi di fabbrica applicabile e ai diritti di propriet\u00e0 dei rispettivi proprietari registrati. La semplice menzione di un marchio non implica che esso non sia protetto da diritti di terzi!<\/p>\n<p>I diritti di utilizzo e di uso (copyright) degli oggetti pubblicati creati dall&#8217;operatore stesso rimangono di esclusiva competenza dell&#8217;operatore delle pagine. La riproduzione o l&#8217;utilizzo di tali grafici, documenti sonori, sequenze video e testi in altre pubblicazioni elettroniche o stampate non \u00e8 consentita senza l&#8217;esplicito consenso dell&#8217;operatore.<\/p>\n\n<h2 class=\"wp-block-heading\">Protezione dei dati:<\/h2>\n\n<p>Tutti i dati personali sono protetti da una password. La loro pubblicazione si basa sul consenso delle persone interessate.<\/p>\n\t\t\t\t\t\t\t\t<\/div>\n\t\t\t\t<\/div>\n\t\t\t\t\t<\/div>\n\t\t<\/div>\n\t\t\t\t\t<\/div>\n\t\t<\/section>\n\t\t\t\t<\/div>\n\t\t","protected":false},"excerpt":{"rendered":"<p>Proprietario del sito web: Oblati di San Francesco di Sales (OSFS)Congregazione religiosa della Chiesa Cattolica Superiore Generale:Barry R. StrongOSFS Curia GeneraliziaVia Dandolo 4900153 RomaItalia Redazione:Herbert WinklehnerEttingshausengasse 11190 ViennaAustria Contenuto del sito web: L&#8217;operatore non si assume alcuna responsabilit\u00e0 per l&#8217;attualit\u00e0, la correttezza, la completezza o la qualit\u00e0 delle informazioni fornite. Le richieste di responsabilit\u00e0 nei [&hellip;]<\/p>\n","protected":false},"author":1,"featured_media":0,"parent":0,"menu_order":0,"comment_status":"closed","ping_status":"closed","template":"","meta":{"_acf_changed":false,"footnotes":""},"class_list":["post-398","page","type-page","status-publish","hentry"],"acf":[],"_links":{"self":[{"href":"https:\/\/osfs.world\/it\/wp-json\/wp\/v2\/pages\/398","targetHints":{"allow":["GET"]}}],"collection":[{"href":"https:\/\/osfs.world\/it\/wp-json\/wp\/v2\/pages"}],"about":[{"href":"https:\/\/osfs.world\/it\/wp-json\/wp\/v2\/types\/page"}],"author":[{"embeddable":true,"href":"https:\/\/osfs.world\/it\/wp-json\/wp\/v2\/users\/1"}],"replies":[{"embeddable":true,"href":"https:\/\/osfs.world\/it\/wp-json\/wp\/v2\/comments?post=398"}],"version-history":[{"count":2,"href":"https:\/\/osfs.world\/it\/wp-json\/wp\/v2\/pages\/398\/revisions"}],"predecessor-version":[{"id":467,"href":"https:\/\/osfs.world\/it\/wp-json\/wp\/v2\/pages\/398\/revisions\/467"}],"wp:attachment":[{"href":"https:\/\/osfs.world\/it\/wp-json\/wp\/v2\/media?parent=398"}],"curies":[{"name":"wp","href":"https:\/\/api.w.org\/{rel}","templated":true}]}}