{"id":46,"date":"2022-07-12T16:27:53","date_gmt":"2022-07-12T14:27:53","guid":{"rendered":"https:\/\/dev.osfs.world\/icss\/?page_id=46"},"modified":"2022-09-25T11:14:46","modified_gmt":"2022-09-25T09:14:46","slug":"geschichte-derinternationalen-komission-fuer-salesianische-studen","status":"publish","type":"page","link":"https:\/\/osfs.world\/icss\/geschichte-derinternationalen-komission-fuer-salesianische-studen\/","title":{"rendered":"Geschichte der Internationalen Komission f\u00fcr Salesianische Studen"},"content":{"rendered":"\n<p>In diesem Jahr (2006) feiern wir den 30. Jahrestag der Errichtung der Internationalen Kommission f\u00fcr Salesianische Studien (ICSS). ICSS wurde 1976 auf Anordnung des 14. Generalkapitels der Oblaten des hl. Franz von Sales gegr\u00fcndet. Dieser Meilenstein bietet eine willkommene Gelegenheit, auf die Arbeit von ICSS in den letzten drei Jahrzehnten zur\u00fcckzublicken und sich \u00fcber ihre k\u00fcnftige T\u00e4tigkeit Gedanken zu machen.<\/p>\n\n\n\n<h2 class=\"wp-block-heading\">Die Urspr\u00fcnge<\/h2>\n\n\n\n<p>Jene Generalkapitel, die unmittelbar nach dem Zweiten Vatikanischen Konzil stattfanden, werden oft \u201eErneuerungskapitel\u201c genannt, da deren Arbeit eine direkte Antwort auf die Aufforderung des II. Vatikanums nach einer \u201ezeitgem\u00e4\u00dfen Erneuerung des Ordenslebens\u201c darstellte. Perfectae Caritatis, das Konzilsdekret \u00fcber die \u201ezeitgem\u00e4\u00dfe Erneuerung des Ordenslebens\u201c, weist darauf hin, dass eine solche Erneuerung zweier gleichzeitiger Prozesse bedarf: (1) \u201est\u00e4ndige R\u00fcckkehr zu den Quellen jedes christlichen Lebens und zum Geist des Ursprungs der einzelnen Institute, zugleich aber (2) deren Anpassung an die ver\u00e4nderten Zeitverh\u00e4ltnisse\u201c (Nr. 2). Damit meint das Konzil, dass die Ordensgemeinschaften zu ihren urspr\u00fcnglichen Quellen zur\u00fcckkehren sollten, um ihr besonderes Charisma wiederzugewinnen, damit dieses Charisma erneut f\u00fcr die Gegenwart praktikabel und anziehend gemacht wird. Auf diesem Hintergrund entschloss sich das Generalkapitel, das 1972 in Eichst\u00e4tt, Deutschland, stattfand, eine Kommission zu bilden, die ein Statut f\u00fcr eine Internationale Kommission f\u00fcr salesianische Studien erarbeiten solle. Das Ergebnis sollte dann auf dem n\u00e4chsten Generalkapitel vorgestellt werden. Der damalige Generalobere P. William Ward ernannte daraufhin die Patres Anton Nobis, Daniel Gambet und Alexander Pocetto dazu, diese Aufgabe zu vollbringen. Ihre Arbeit wurde dann am 14. Generalkapitel 1976 genehmigt.<\/p>\n\n\n\n<p>Die vom Kapitel anerkannten Statuten formulieren zun\u00e4chst die Reichweite der salesianischen Studien: \u201eDer Ausdruck \u201aSalesianische Studien\u2019 soll sich beziehen auf Studien \u00fcber den hl. Franz von Sales, die hl. Johanna Franziska von Chantal, Pater Brisson, die Mutter Salesia Chappuis, die Heimsuchungsschwestern, die Oblatinnen und Oblaten des hl. Franz von Sales, das Salesianische S\u00e4kularinstitut und die gesamte salesianische Familie.\u201c Au\u00dferdem wird der Radius der salesianischen Studien mit \u201edrei konzentrischen Kreisen\u201c beschrieben: Der innerste Kreis bezieht sich auf die wissenschaftliche Grundlagenforschung; davon ausgehend gibt es zwei gr\u00f6\u00dfere Kreise: der popul\u00e4rwissenschaftliche Kreis, der das Ziel hat, \u201edie Ergebnisse der wissenschaftlichen Forschung Leuten zug\u00e4nglich zu machen, die zwar nicht an wissenschaftlichen Forschungen aber daran interessiert sind, die salesianische Lehre zu kennen und zu leben,\u201c und der \u201e\u00e4u\u00dferste Kreis\u201c, der Arbeiten f\u00fcr jene enth\u00e4lt, \u201edie sich in der Verbreitung der salesianischen Lehre und Spiritualit\u00e4t durch die Presse, die Medien, durch Predigt und geistliche F\u00fchrung aktiv engagieren\u201c (ICSS Statut, I).<\/p>\n\n\n\n<p>Das vorrangige Werkzeug zur F\u00f6rderung der salesianischen Studien auf weltweiter Ebene ist eine Internationale Kommission, die aus drei Sales-Oblaten besteht, \u201edie m\u00f6glichst Experten auf dem Gebiet salesianischer Studien sein sollen\u201c. Jeder von ihnen vertritt eine der Hauptsprachen der Kongregation: \u201eEiner von ihnen soll das englische Sprachgebiet repr\u00e4sentieren, einer das franz\u00f6sische und italienische, einer das deutsche und holl\u00e4ndische Sprachgebiet\u201c (ICSS Statut, II.1). Die Mitglieder der Kommission werden vom Generaloberen nach Beratung mit den jeweiligen Provinzen und Regionen ernannt.<\/p>\n\n\n\n<h2 class=\"wp-block-heading\">Historischer R\u00fcckblick: 1976-2005<\/h2>\n\n\n\n<p>P. Anton Nobis von der \u00d6sterreichisch-S\u00fcddeutschen Provinz wurde zum ersten ICSS-Vorsitzenden ernannt. Sein Nachfolger wurde P. James Langelaan (1985-1992), der zuvor schon Mitglied der Kommission gewesen ist. Der dritte Vorsitzende wurde P. Alexander Pocetto von 1992 bis 2002. Ihm folgte der gegenw\u00e4rtige Vorsitzende P. Joseph Chorpenning. Folgende Sales-Oblaten waren in den letzten drei Jahrzehnten ICSS-Mitglieder: P. Bernard Baussand, P. Jean Brachet, P. Michel Tournade, P. Jean Gayet, P. Konrad Esser. Derzeit geh\u00f6ren ICSS neben dem Vorsitzenden Chorpenning noch P. Herbert Winklehner und P. Dirk Koster an.<\/p>\n\n\n\n<p>Um Sales-Oblaten zu ermutigen, an Projekten f\u00fcr salesianische Studien zu arbeiten, finden sich in den ICSS Statuten auch Kriterien f\u00fcr das Gew\u00e4hren bescheidener finanzieller Unterst\u00fctzungen. Antr\u00e4ge um eine solche Unterst\u00fctzung werden an ICSS eingesandt und dort bewertet. Die Emfpehlungen von ICSS werden dann an den Generaloberen und seinen Rat zur Annahme weitergeleitet. \u00dcber die Jahre hinweg wurde auf diese Weise eine Reihe von Projekten, die einem der drei konzentrischen Kreise der salesiansichen Studien zugerechnet werden konnten, finanziell gef\u00f6rdert. Zu diesen Projekten z\u00e4hlt etwa das Jahrbuch f\u00fcr salesianische Studien. Dieses Jahrbuch wird von der Arbeitsgemeinschaft f\u00fcr salesianische Studien, einer Gruppe, die von der \u00d6sterreichisch-S\u00fcddeutschen Provinz gegr\u00fcndet wurde, herausgegeben. Ebenso gef\u00f6rdert wurde das Seminar Salesianischer Wissenschaftler, das P. Joseph Power ins Leben rief. Andere Projekte betrafen etwa unterschiedlichste Medien, die auf verschiedene Art dazu verwendet werden k\u00f6nnen, salesianische Studien zu f\u00f6rdern oder zu lehren.<\/p>\n\n\n\n<p>Aus eigenem Antrieb unterst\u00fctzte ICSS im Jahr 2000 die \u00dcbersetzung und Ver\u00f6ffentlichung (f\u00fcr private Zwecke) der bahnbrechenden wissenschaftlichen Forschungsarbeit von P. Roger Balducelli OSFS, dem Archivar der Kongregation, \u00fcber den Seligsprechungsprozess der Guten Mutter. Diese Studie widerlegt meisterhaft die unhaltbaren Vorw\u00fcrfe von P. Watrigant. Zum Gedenken an den 400. Jahrestag der Bischofsweihe des hl. Franz von Sales und an den 125. Jahrestag seiner Ernennung zum Kirchenlehrer ver\u00f6ffentlichte ICSS im Jahre 2002 die Brosch\u00fcre \u201eSalesianisch Leiten\u201c. Eine weitere Initiative von ICSS stellt die F\u00f6rderung und Vorbereitung eines Sammelbandes von Beitr\u00e4gen salesianischer Wissenschaftler dar, um an den 400. Jahrestag der ersten Begegnung des hl. Franz von Sales und der hl. Johanna Franziska von Chantal im Jahre 1604 zu erinnern. Der Titel des Buches lautet: \u201eMenschliche Begegnung in salesianischer Tradition\u201c. Die Reaktionen auf den Aufruf von ICSS, daf\u00fcr Beitr\u00e4ge einzusenden, \u00fcbertrafen alle Erwartungen. Das Buch, das zwanzig Artikel in drei Sprachen (Englisch, Franz\u00f6sisch, Deutsch) enthalten wird, stellt eine F\u00fclle an Informationen und Materialien zur Verf\u00fcgung, zusammen mit einer gro\u00dfen Vielfalt an methodischen Zug\u00e4ngen zum eigenen Nachdenken und zur Weiterverbreitung auf verschiedenen Ebenen: der wissenschaftlichen, der popul\u00e4ren und der pastoralen. Das Buch wird im Jahr 2006 erscheinen.<\/p>\n\n\n\n<p>1997 brachte das Generalkapitel seine Sorge \u00fcber Art und Anwendung einiger gef\u00f6rderter Projekte zum Ausdruck und gab ICSS den Rat, ihre Statuten dahingehend zu ver\u00e4ndern, dass in Zukunft salesianische Projekte h\u00f6chsten drei Jahre lang gef\u00f6rdert werden sollen. Au\u00dferdem sollte sichergestellt werden, dass das Internet und die elektronische Medien gegen\u00fcber den traditionellen Methoden in der Zielsetzung von ICSS nicht \u00fcberbetont werden. Daraufhin erfolgte eine \u00dcberarbeitung der Statuten, in der diese Ratschl\u00e4ge ber\u00fccksichtigt und auch andere \u00c4nderungen vorgenommen wurden. Im Jahre 2005 schlug ICSS erneut einige Erg\u00e4nzungen und Streichungen der Statuten vor, die vom Generaloberen und dem Generalrat genehmigt wurden.<\/p>\n\n\n\n<p>Eine der wichtigsten Aufgaben von ICSS besteht im Sammeln und Verbreiten von Informationen von \u201eEinrichtungen, Aktivit\u00e4ten, Studien und Pl\u00e4nen in- und au\u00dferhalb der Kongregation\u201c auf dem Gebiet der salesianischen Studien weltweit (ICSS Statut, III.2.a.). Zu diesem Zweck gr\u00fcndete P. Pocetto als Herausgeber mit Hilfe der Patres Winklehner und Gayet im November 1997 den \u201eICSS Rundbrief\u201c, der in Englisch, Franz\u00f6sisch, Deutsch und neuerdings auch in Spanisch und Portugiesisch erscheint. Herr Thomas McNamara, der Leiter f\u00fcr Ver\u00f6ffentlichungen an der De Sales Universit\u00e4t, stellte daf\u00fcr sein technisches und grafisches K\u00f6nnen zur Verf\u00fcgung. Als P. Chorpenning zum Vorsitzenden von ICSS ernannt wurde und damit auch zum Herausgeber des Rundbriefes, wurde die Erstellung und der Druck des Rundbriefes zur Saint Joseph\u2019s University Press nach Philadelphia verlegt, wo P. Chorpenning als leitender Herausgeber arbeitet.<\/p>\n\n\n\n<p>Seit Januar 2004 besitzt der ICSS-Rundbrief ein neues Design und ein neues Format. Jede Ausgabe enth\u00e4lt nun auch zus\u00e4tzlich zu den \u00fcblichen Nachrichten aus der Salesianischen Welt einen Leitartikel sowie auch andere Beitr\u00e4ge, wie etwa eine Auflistung salesianischer Neuerscheinungen und gelegentlich auch Buchbesprechungen. Die Idee hinter dem Leitartikel ist, dass dieser eine Betrachtung zu einem wesentlichen und vielleicht auch etwas vernachl\u00e4ssigten oder unerforschten Thema des salesianischen Erbes darstellt, der sowohl wissenschaftlich fundiert als auch einer allgemeine Leserschaft zug\u00e4nglich ist, um jene zu unterst\u00fctzen, die sich in der popul\u00e4ren oder pastoralen Verbreitung des salesianischen Charismas engagieren. In seiner charakteristischen Gro\u00dfz\u00fcgigkeit nahm P. Pocetto, der in der Gr\u00fcndung und Entwicklung von ICSS \u00fcber viele Jahre hinweg eine so bedeutsame Rolle spielte und auch der Gr\u00fcndungsherausgeber des Rundbriefes war, die Einladung seines Nachfolgers an, weiterhin die salesianischen Nachrichten aus aller Welt zu sammeln und als \u201eNachrichtenredakteur\u201c herauszugeben.<br>Im Jahre 1995, also noch vor der Ver\u00f6ffentlichung des ersten ICSS-Rundbriefes, entwickelte P. Pocetto mit Hilfe der Computerexperten der De Sales Universit\u00e4t auch eine Internetseite. Diese Internetseite war eine der ersten Mittel, salesianische Studien auf tats\u00e4chlich weltweiter Ebene zu f\u00f6rdern. Im Jahre 2003 \u00fcbernahm P. Herbert Winklehner, ein Mitglied von ICSS, als Webmaster die Verantwortung f\u00fcr diese Internetseite. Er baute auf die Pionierarbeit von P. Pocetto auf und \u00fcberarbeitete diese Internetseiten. Er machte sie attraktiver und benutzerfreundlicher und leistet weiterhin eine hervorragende Arbeit in der Betreuung dieser Seiten. Die Internetseite von ICSS (www.franz-von-sales.de) stellt eine Vielfalt an salesianischen Quellen zur Verf\u00fcgung (Bibliografien, eine virtuelle Bibliothek verschiedener salesianischer Werke, Artikel, die archivierten ICSS-Rundbriefe, Lieder und eine Bildergalerie) sowie Links zu unz\u00e4hligen Internetseiten der Salesianischen Familie in aller Welt. Die Annecy-Ausgabe der Werke des heiligen Franz von Sales wird gerade dahingehend aufbereitet, um auf der ICSS-Internetseite zug\u00e4nglich gemacht werden zu k\u00f6nnen. K\u00fcrzlich hat P. Winklehner auch eine Internetseite erstellt, die P. Louis Brisson gewidmet ist (<a rel=\"noreferrer noopener\" href=\"https:\/\/www.louisbrisson.org\/\" target=\"_blank\">www.louisbrisson.org<\/a>). Auf dieser Seite soll die Milleniumsausgabe der Werke des Gr\u00fcnders der Sales-Oblaten und Oblatinnen zug\u00e4nglich gemacht werden. Durch all diese Initiativen wurden die salesianischen Studien Teil des elektronischen Zeitalters, wie es bisher noch nie der Fall war, und all dies geschah unter der Schirmherrschaft von ICSS.<\/p>\n\n\n\n<h2 class=\"wp-block-heading\">An der Schwelle zum 4. Jahrzehnt<\/h2>\n\n\n\n<p>Auch am Beginn des 4. Jahrzehnts wird ICSS mit Hilfe des Rundbriefes \u201ealles Wissenswerte \u00fcber Salesianische Studien und Aktivit\u00e4ten, die es gibt\u201c sammeln und innerhalb der (wissenschaftlichen) salesianischen Welt der Kongregation und dar\u00fcber hinaus kommunizieren (ICSS Statut II.3.a). Au\u00dferdem wird ICSS auch weiterhin dazu beitragen, salesianische Projekte der Sales-Oblaten finanziell zu unterst\u00fctzen und in einem wahrscheinlich noch gr\u00f6\u00dferen Ausma\u00df als bisher selbst zu initiieren, mit Hilfe von und zum Nutzen der Kongregation und der weiten Welt der salesianischen Forschung. Viele Ordensgemeinschaften und Kongregationen besitzen ein formelles Organ, das ihre Anstrengungen koordiniert, ihr spirituelles Erbe zu f\u00f6rdern, in dem es wissenschaftliche Quellenforschung unterst\u00fctzt. ICSS erf\u00fcllt diese Funktion f\u00fcr unserer Kongregation ebenso wie f\u00fcr die vielen, die weltweit in der salesianischen Tradition beheimatet sind.<\/p>\n\n\n\n<p>In ihrer Arbeit wird ICSS sowohl von ihren Statuten als auch vom salesianischen Charisma selbst geleitet. Gerade deshalb, weil in der salesianischen Spiritualit\u00e4t die Freundschaft und die menschlichen Beziehungen eine so gro\u00dfe Rolle spielen, empfiehlt es sich beispielsweise, die Beziehungen zwischen den \u201edrei konzentrischen Kreisen\u201c der salesianischen Studien mit mehr Erdung und frischer Dynamik zu versehen. Die salesianische Erforschung der Urtexte findet innerhalb einer internationalen Gemeinschaft von Wissenschaftlern statt, die sich sowohl aus Sales-Oblaten als aus Nicht-Oblaten zusammensetzt. Diese Forschung geschieht aber nicht einfach um des Forschens willen; vielmehr liefern die neuen Einsichten dieser salesianischen Wissenschaftler neue Nahrung und helfen damit, die Verbreitung des salesianischen Charismas auf praktischer und pastoraler Ebene lebendig zu halten, die auf andere Weise Gefahr l\u00e4uft, einzurosten, ja zum Stillstand zu kommen. Gerade weil derzeit eine so gro\u00dfe Sorgfalt daf\u00fcr verwendet wird, die popul\u00e4re und pastorale Verbreitung des salesianischen Charismas zu f\u00f6rdern und zu st\u00fctzen, gibt es eine ebenso starke Verpflichtung zur Erforschung der Urquellen unseres salesianischen Erbes.<\/p>\n\n\n\n<p>Ein anderes Kennzeichen der salesianischen Spiritualit\u00e4t, das die Arbeit von ICSS leitet, ist die sorgf\u00e4ltige Aufmerksamkeit f\u00fcr \u201eunsere Zeit\u201c, um die Anwesenheit der G\u00f6ttlichen Vorsehung in den gew\u00f6hnlichen Ereignissen und allt\u00e4glichen Umst\u00e4nden des Lebens wahrzunehmen. Im Blick auf \u201eunsere Zeit\u201c entdecken wir, dass uns in den n\u00e4chsten sechzehn Jahren nicht weniger als f\u00fcnf gro\u00dfe Jahrestage eine einzigartige \u201eJahrhundert-Chance\u201c geben, das salesianische Charisma zu verbreiten: 2008 ist der 100. Todestag von P. Louis Brisson, 2009 ist der 400. Jahrestag der ersten Ver\u00f6ffentlichung der Philothea, 2010 ist der 400. Jahrestag der Gr\u00fcndung der Heimsuchung, 2016 ist der 400. Jahrestag der ersten Ver\u00f6ffentlichung des Theotimus und 2022 ist der 400. Todestag des hl. Franz von Sales. Dementsprechend ist es mehr als angemessen, dass diese historischen Jahrestage die Brennpunkte der Initiativen sein werden, die durch ICSS in den n\u00e4chsten Jahren vorgenommen werden, so wie es auch im F\u00fcnf-Jahres-Plan (2006-2011) von ICSS bei ihrem Treffen in Rom im April 2005 formuliert und angenommen wurde. <\/p>\n\n\n\n<p>Die Statuten und der F\u00fcnf-Jahres-Plan k\u00f6nnen auf der Internetseite von ICSS eingesehen werden: <a href=\"https:\/\/osfs.world\/icss\/statuten\/\" data-type=\"page\" data-id=\"38\">Statuten &gt;&gt;&gt;<\/a>.<\/p>\n","protected":false},"excerpt":{"rendered":"<p>In diesem Jahr (2006) feiern wir den 30. Jahrestag der Errichtung der Internationalen Kommission f\u00fcr Salesianische Studien (ICSS). ICSS wurde 1976 auf Anordnung des 14. Generalkapitels der Oblaten des hl. Franz von Sales gegr\u00fcndet. Dieser Meilenstein bietet eine willkommene Gelegenheit, auf die Arbeit von ICSS in den letzten drei Jahrzehnten zur\u00fcckzublicken und sich \u00fcber ihre [&hellip;]<\/p>\n","protected":false},"author":1,"featured_media":0,"parent":0,"menu_order":0,"comment_status":"closed","ping_status":"closed","template":"","meta":{"footnotes":""},"class_list":["post-46","page","type-page","status-publish","hentry"],"_links":{"self":[{"href":"https:\/\/osfs.world\/icss\/wp-json\/wp\/v2\/pages\/46","targetHints":{"allow":["GET"]}}],"collection":[{"href":"https:\/\/osfs.world\/icss\/wp-json\/wp\/v2\/pages"}],"about":[{"href":"https:\/\/osfs.world\/icss\/wp-json\/wp\/v2\/types\/page"}],"author":[{"embeddable":true,"href":"https:\/\/osfs.world\/icss\/wp-json\/wp\/v2\/users\/1"}],"replies":[{"embeddable":true,"href":"https:\/\/osfs.world\/icss\/wp-json\/wp\/v2\/comments?post=46"}],"version-history":[{"count":3,"href":"https:\/\/osfs.world\/icss\/wp-json\/wp\/v2\/pages\/46\/revisions"}],"predecessor-version":[{"id":1277,"href":"https:\/\/osfs.world\/icss\/wp-json\/wp\/v2\/pages\/46\/revisions\/1277"}],"wp:attachment":[{"href":"https:\/\/osfs.world\/icss\/wp-json\/wp\/v2\/media?parent=46"}],"curies":[{"name":"wp","href":"https:\/\/api.w.org\/{rel}","templated":true}]}}