{"id":1708,"date":"2024-06-11T11:13:08","date_gmt":"2024-06-11T09:13:08","guid":{"rendered":"https:\/\/dev.osfs.world\/icss\/estatutos\/"},"modified":"2024-06-11T11:13:08","modified_gmt":"2024-06-11T09:13:08","slug":"estatutos","status":"publish","type":"page","link":"https:\/\/osfs.world\/icss\/pt-br\/estatutos\/","title":{"rendered":"Estatutos"},"content":{"rendered":"\n<p><strong>A COMISS\u00c3O INTERNACIONAL DE ESTUDOS SALESIANOS (ICSS)<\/strong><\/p>\n\n<p>da Congrega\u00e7\u00e3o dos Oblatos de S\u00e3o Francisco de Sales<\/p>\n\n<p><em>(Vers\u00e3o, agosto de 2005)<\/em><\/p>\n\n<p>De acordo com o mandato do 14\u00ba Cap\u00edtulo Geral (1976), o Conselho Geral, em acordo com os Inspetores e Superiores Regionais, criou uma institui\u00e7\u00e3o permanente para a promo\u00e7\u00e3o dos estudos salesianos e lhe deu os seguintes estatutos.<\/p>\n\n<h2 class=\"wp-block-heading\">I. Estudos salesianos<\/h2>\n\n<p>O termo &#8220;Estudos Salesianos&#8221; pretende se referir aos estudos sobre S\u00e3o Francisco de Sales, Santa Joana Francisca de Chantal, Padre Brisson, Madre Salesia Chappuis, as Irm\u00e3s da Visita\u00e7\u00e3o, os Oblatos de S\u00e3o Francisco de Sales, o Instituto Secular Salesiano e toda a Fam\u00edlia Salesiana. Os estudos sobre isso podem ser visualizados em tr\u00eas c\u00edrculos conc\u00eantricos:<\/p>\n\n<p>&#8211; O c\u00edrculo mais interno cont\u00e9m pesquisas cient\u00edficas.&#013;\n&#8211; O pr\u00f3ximo c\u00edrculo maior cont\u00e9m apresenta\u00e7\u00f5es cient\u00edficas populares para tornar os resultados da pesquisa cient\u00edfica acess\u00edveis a pessoas que n\u00e3o est\u00e3o interessadas em pesquisa cient\u00edfica, mas que est\u00e3o interessadas em conhecer e viver a doutrina salesiana.&#013;\n&#8211; O c\u00edrculo mais externo cont\u00e9m escritos destinados a pessoas que est\u00e3o ativamente engajadas na divulga\u00e7\u00e3o da doutrina e da espiritualidade salesiana por meio da imprensa, da m\u00eddia, da prega\u00e7\u00e3o e da dire\u00e7\u00e3o espiritual.<\/p>\n\n<h2 class=\"wp-block-heading\">II. A Comiss\u00e3o Internacional<\/h2>\n\n<p>Com o objetivo de promover os estudos salesianos da forma mais abrangente poss\u00edvel, \u00e9 formada uma Comiss\u00e3o Internacional, \u00e0 qual se aplicam as seguintes disposi\u00e7\u00f5es:<\/p>\n\n<p>1. A Comiss\u00e3o ser\u00e1 composta por quatro Oblatos, que devem ser, de prefer\u00eancia, especialistas no campo dos estudos salesianos. Um deles deve representar a \u00e1rea de l\u00edngua inglesa, um a \u00e1rea de l\u00edngua francesa e italiana, um a \u00e1rea de l\u00edngua alem\u00e3 e holandesa e um a \u00e1rea de l\u00edngua espanhola e portuguesa.<\/p>\n\n<p>2. os membros da Comiss\u00e3o s\u00e3o nomeados pelo Conselho Geral em acordo com os provinciais e superiores regionais envolvidos. Seu mandato \u00e9 de tr\u00eas anos. A fim de criar e manter a continuidade, ap\u00f3s os primeiros tr\u00eas anos, um dos membros \u00e9 renomeado por mais um ano, um por dois anos e um por tr\u00eas anos. A recondu\u00e7\u00e3o \u00e9 poss\u00edvel.<\/p>\n\n<p>3. a Comiss\u00e3o \u00e9 auxiliada em seu trabalho por consultores que possuem conhecimento especializado exigido pelo ICSS em \u00e1reas espec\u00edficas, como idiomas, desenvolvimento de website, arquivos, publica\u00e7\u00e3o, etc. Os consultores n\u00e3o s\u00e3o membros do ICSS e geralmente n\u00e3o participam de suas reuni\u00f5es ou consultas. O ICSS prop\u00f5e o nome da pessoa a ser nomeada como consultor, juntamente com uma justificativa, que \u00e9 submetida ao Conselho Geral, que ent\u00e3o faz seus coment\u00e1rios sobre a nomea\u00e7\u00e3o proposta e\/ou, se houver acordo, a aprova. O mandato de um conselheiro \u00e9 de tr\u00eas anos. \u00c9 poss\u00edvel a recondu\u00e7\u00e3o.<\/p>\n\n<p>4. a Comiss\u00e3o tem a tarefa de promover os estudos salesianos&#013;\na) divulgando o que j\u00e1 existe e o que foi realizado;&#013;\nb) coordenando estudos e projetos planejados em n\u00edvel internacional;&#013;\nc) estimulando certos estudos e projetos, em particular atrav\u00e9s de uma colabora\u00e7\u00e3o muito estreita com o Arquivista da Casa Geral;&#013;\nd) recomendando certos projetos para apoio financeiro, de acordo com as disposi\u00e7\u00f5es do procedimento de autoriza\u00e7\u00e3o;&#013;\ne) apoiando financeiramente os projetos autorizados pelo Conselho Geral, de acordo com as disposi\u00e7\u00f5es da Se\u00e7\u00e3o IV.<\/p>\n\n<p>5. A cada ano, a Comiss\u00e3o&#013;\n&#8211; preparar\u00e1 um or\u00e7amento e o enviar\u00e1 ao Conselho Geral para aprova\u00e7\u00e3o. Est\u00e3o previstas as seguintes despesas:&#013;\na) Despesas dos membros para correspond\u00eancia e para viajar para uma reuni\u00e3o da Comiss\u00e3o;&#013;\nb) Os custos do Centro de Informa\u00e7\u00f5es para a publica\u00e7\u00e3o regular de boletins, circulares e correspond\u00eancias;&#013;\nc) Despesas com o software\/hardware necess\u00e1rio para manter o website do ICSS;&#013;\nd) acima de tudo, os fundos para o apoio financeiro de projetos de acordo com as diretrizes do procedimento de autoriza\u00e7\u00e3o.<\/p>\n\n<p>&#8211; preparar um relat\u00f3rio anual sobre suas atividades;&#013;\n&#8211; Avaliar as solicita\u00e7\u00f5es de apoio financeiro para projetos;&#013;\n&#8211; enviar um relat\u00f3rio aos Provinciais e Superiores Regionais detalhando os projetos recomendados e n\u00e3o recomendados, juntamente com o valor necess\u00e1rio para cada projeto. Os provinciais e superiores regionais s\u00e3o solicitados a informar o Conselho Geral sobre sua avalia\u00e7\u00e3o dos projetos enviados. O Conselho Geral ent\u00e3o toma a decis\u00e3o final sobre quais projetos ser\u00e3o aprovados.<\/p>\n\n<h2 class=\"wp-block-heading\">III. O Centro de Informa\u00e7\u00f5es<\/h2>\n\n<p>(1) Um Centro de Informa\u00e7\u00f5es Eletr\u00f4nicas dever\u00e1 ser estabelecido como um \u00f3rg\u00e3o da Comiss\u00e3o Internacional. Ele ser\u00e1 administrado por um membro do ICSS ou por outra pessoa nomeada para esse fim pelo Conselho Geral. Esta \u00faltima pessoa estar\u00e1 sob a dire\u00e7\u00e3o do ICSS.<\/p>\n\n<p>2) O Centro de Informa\u00e7\u00f5es dever\u00e1 cumprir as seguintes tarefas:&#013;\n(a) Deve coletar todas as comunica\u00e7\u00f5es relativas a institui\u00e7\u00f5es, atividades, estudos e planos dentro e fora da Congrega\u00e7\u00e3o.&#013;\nb) Informar sobre tudo isso por meio de um boletim publicado regularmente e, ocasionalmente, por meio de circulares especiais.<\/p>\n\n<p>3. em cada Prov\u00edncia\/Regi\u00e3o (ou por acordo de v\u00e1rias Prov\u00edncias\/Regi\u00f5es em uma \u00e1rea lingu\u00edstica) seja criado um Centro Regional de Estudos Salesianos, cuja gest\u00e3o e organiza\u00e7\u00e3o sejam determinadas pelas Prov\u00edncias\/Regi\u00f5es. Sempre que poss\u00edvel, \u00e9 aconselh\u00e1vel que este seja um centro eletr\u00f4nico com acesso \u00e0 rede mundial de computadores, o que torna muito f\u00e1cil a conex\u00e3o com o site do ICSS.&#013;\na) Esses centros comunicam continuamente ao Centro Internacional de Informa\u00e7\u00e3o todas as informa\u00e7\u00f5es sobre estudos e atividades salesianas existentes em seu territ\u00f3rio.&#013;\nb) Disseminam as informa\u00e7\u00f5es recebidas do Centro Internacional de Informa\u00e7\u00e3o de maneira apropriada.&#013;\nc) Coordenam as atividades em sua \u00e1rea e fornecem sugest\u00f5es e assist\u00eancia.<\/p>\n\n<p>4) Embora o ICSS enfatize as novas tecnologias para os estudos salesianos, sua dissemina\u00e7\u00e3o e promo\u00e7\u00e3o, isso n\u00e3o significa que os m\u00e9todos mais tradicionais sejam considerados obsoletos. As novas possibilidades oferecidas pela Internet n\u00e3o substituem os m\u00e9todos tradicionais, mas os complementam.<\/p>\n\n<h2 class=\"wp-block-heading\">IV. Suporte financeiro<\/h2>\n\n<p>(1) A Comiss\u00e3o Internacional de Estudos Salesianos funcionar\u00e1 com um or\u00e7amento anual aprovado pelo Conselho Geral, que normalmente n\u00e3o exceder\u00e1 US$ 15.000.&#013;\n(2) Essa quantia ser\u00e1 arrecadada da seguinte maneira: a metade ser\u00e1 contribu\u00edda igualmente pelas Inspetorias, a outra metade de acordo com o n\u00famero de seus membros.&#013;\n(3) O exerc\u00edcio financeiro da Comiss\u00e3o Internacional se estender\u00e1 de 1\u00ba de setembro a 31 de agosto do ano seguinte.<\/p>\n\n<h2 class=\"wp-block-heading\">V. As diretrizes do procedimento de autoriza\u00e7\u00e3o<\/h2>\n\n<p>As disposi\u00e7\u00f5es a seguir se aplicam ao apoio financeiro de projetos que sejam de interesse e import\u00e2ncia para toda a Congrega\u00e7\u00e3o:<\/p>\n\n<p>1.\u00a0A Comiss\u00e3o Internacional pode, por sua pr\u00f3pria iniciativa, iniciar e propor projetos para apoio financeiro que sejam do interesse direto de toda a Congrega\u00e7\u00e3o.<\/p>\n\n<p>2) Oblatos individuais ou grupos de Oblatos podem solicitar apoio financeiro para projetos espec\u00edficos de acordo com o seguinte procedimento:&#013;\n(a) Um pedido separado para cada projeto deve ser apresentado no formul\u00e1rio aprovado ao Presidente da Comiss\u00e3o Internacional at\u00e9 30 de abril antes do ano fiscal seguinte.&#013;\nb) A Comiss\u00e3o classifica todos os pedidos de acordo com sua utilidade para os Estudos Salesianos e os submete, com essa avalia\u00e7\u00e3o, ao General e seu Conselho, aos Inspetores e Superiores Regionais.&#013;\nc) Depois de receber os coment\u00e1rios e as obje\u00e7\u00f5es dos Inspetores, dos Superiores Regionais e do ICSS, o Conselho Geral decide se o apoio financeiro ser\u00e1 concedido e em que montante.&#013;\nd) Todos os candidatos s\u00e3o informados por escrito pelo Presidente da Comiss\u00e3o sobre a decis\u00e3o relativa \u00e0 sua candidatura. A Congrega\u00e7\u00e3o ser\u00e1 informada pelo Generalato.&#013;\ne) Aqueles que receberam apoio financeiro devem apresentar um relat\u00f3rio anual por escrito sobre se e como realizaram o projeto. Esse relat\u00f3rio deve ser enviado ao Presidente do ICSS at\u00e9 1\u00ba de junho.<\/p>\n\n<p>3. O apoio financeiro para os projetos de Estudos Salesianos \u00e9 fornecido das seguintes maneiras:&#013;\na) Como regra geral, n\u00e3o \u00e9 concedida nenhuma remunera\u00e7\u00e3o pelo tempo de trabalho dos Oblatos.&#013;\nb) A prioridade \u00e9 dada a projetos de benef\u00edcio direto para toda a Congrega\u00e7\u00e3o e \u00e0queles que correspondem \u00e0s prioridades atuais do ICSS e que foram aprovados pelo Conselho Geral. Esses projetos s\u00e3o financiados inteiramente pelo or\u00e7amento da Comiss\u00e3o Internacional. Projetos e estudos que sejam valiosos para a pesquisa salesiana ser\u00e3o apoiados no futuro, mesmo que n\u00e3o possam ser disponibilizados em formato eletr\u00f4nico.&#013;\nc) Metade do valor aprovado para os demais projetos ser\u00e1 financiado pela Inspetoria de onde prov\u00eam as solicita\u00e7\u00f5es e a outra metade pelo or\u00e7amento da Comiss\u00e3o Internacional.&#013;\nd) Poder\u00e3o ser financiadas tradu\u00e7\u00f5es de documentos salesianos e oblatos considerados de valor.&#013;\ne) Uma vez aprovados, os projetos de longo prazo n\u00e3o ser\u00e3o apoiados por mais de tr\u00eas anos. Tais projetos devem ser capazes de demonstrar sua viabilidade financeira al\u00e9m do per\u00edodo de apoio.<\/p>\n","protected":false},"excerpt":{"rendered":"<p>A COMISS\u00c3O INTERNACIONAL DE ESTUDOS SALESIANOS (ICSS) da Congrega\u00e7\u00e3o dos Oblatos de S\u00e3o Francisco de Sales (Vers\u00e3o, agosto de 2005) De acordo com o mandato do 14\u00ba Cap\u00edtulo Geral (1976), o Conselho Geral, em acordo com os Inspetores e Superiores Regionais, criou uma institui\u00e7\u00e3o permanente para a promo\u00e7\u00e3o dos estudos salesianos e lhe deu os [&hellip;]<\/p>\n","protected":false},"author":1,"featured_media":0,"parent":0,"menu_order":0,"comment_status":"closed","ping_status":"closed","template":"","meta":{"footnotes":""},"class_list":["post-1708","page","type-page","status-publish","hentry"],"_links":{"self":[{"href":"https:\/\/osfs.world\/icss\/pt-br\/wp-json\/wp\/v2\/pages\/1708","targetHints":{"allow":["GET"]}}],"collection":[{"href":"https:\/\/osfs.world\/icss\/pt-br\/wp-json\/wp\/v2\/pages"}],"about":[{"href":"https:\/\/osfs.world\/icss\/pt-br\/wp-json\/wp\/v2\/types\/page"}],"author":[{"embeddable":true,"href":"https:\/\/osfs.world\/icss\/pt-br\/wp-json\/wp\/v2\/users\/1"}],"replies":[{"embeddable":true,"href":"https:\/\/osfs.world\/icss\/pt-br\/wp-json\/wp\/v2\/comments?post=1708"}],"version-history":[{"count":1,"href":"https:\/\/osfs.world\/icss\/pt-br\/wp-json\/wp\/v2\/pages\/1708\/revisions"}],"predecessor-version":[{"id":1709,"href":"https:\/\/osfs.world\/icss\/pt-br\/wp-json\/wp\/v2\/pages\/1708\/revisions\/1709"}],"wp:attachment":[{"href":"https:\/\/osfs.world\/icss\/pt-br\/wp-json\/wp\/v2\/media?parent=1708"}],"curies":[{"name":"wp","href":"https:\/\/api.w.org\/{rel}","templated":true}]}}