{"id":1686,"date":"2024-06-11T10:20:18","date_gmt":"2024-06-11T08:20:18","guid":{"rendered":"https:\/\/dev.osfs.world\/icss\/pagina-inicial\/"},"modified":"2024-06-11T16:10:20","modified_gmt":"2024-06-11T14:10:20","slug":"pagina-inicial","status":"publish","type":"page","link":"https:\/\/osfs.world\/icss\/pt-br\/","title":{"rendered":"P\u00e1gina inicial"},"content":{"rendered":"\t\t<div data-elementor-type=\"wp-page\" data-elementor-id=\"1686\" class=\"elementor elementor-1686 elementor-10\" data-elementor-post-type=\"page\">\n\t\t\t\t\t\t<section class=\"elementor-section elementor-top-section elementor-element elementor-element-4a4921b0 elementor-section-boxed elementor-section-height-default elementor-section-height-default\" data-id=\"4a4921b0\" data-element_type=\"section\" data-e-type=\"section\">\n\t\t\t\t\t\t<div class=\"elementor-container elementor-column-gap-default\">\n\t\t\t\t\t<div class=\"elementor-column elementor-col-100 elementor-top-column elementor-element elementor-element-152b124a\" data-id=\"152b124a\" data-element_type=\"column\" data-e-type=\"column\">\n\t\t\t<div class=\"elementor-widget-wrap elementor-element-populated\">\n\t\t\t\t\t\t<div class=\"elementor-element elementor-element-713d068 elementor-widget elementor-widget-text-editor\" data-id=\"713d068\" data-element_type=\"widget\" data-e-type=\"widget\" data-widget_type=\"text-editor.default\">\n\t\t\t\t<div class=\"elementor-widget-container\">\n\t\t\t\t\t\t\t\t\t<p>A miss\u00e3o do ICSS \u00e9 difundir a espiritualidade salesiana em todo o mundo, que se baseia na vida, nos ensinamentos e no trabalho de S\u00e3o Francisco de Sales.<\/p><ul><li>Espiritualidade salesiana<\/li><\/ul><h2>Santos e beatos salesianos<\/h2><ul><li><a href=\"https:\/\/pt.wikipedia.org\/wiki\/Francisco_de_Sales\" target=\"_blank\" rel=\"noopener\">S\u00e3o Francisco de Sales<\/a><\/li><li><a href=\"https:\/\/pt.wikipedia.org\/wiki\/Joana_de_Chantal\" target=\"_blank\" rel=\"noopener\">Santa Joana Francisca de Chantal<\/a><\/li><li><a href=\"https:\/\/pt.wikipedia.org\/wiki\/Maria_da_Encarna%C3%A7%C3%A3o_(Carmelita)\" target=\"_blank\" rel=\"noopener\">Beata Barbe Acarie &#8211; Maria da Encarna\u00e7\u00e3o<\/a><\/li><li><a href=\"https:\/\/pt.wikipedia.org\/wiki\/Vicente_de_Paulo\" target=\"_blank\" rel=\"noopener\">S\u00e3o Vicente de Paulo<\/a><\/li><li><a href=\"https:\/\/pt.wikipedia.org\/wiki\/Margarida_Maria_Alacoque\" target=\"_blank\" rel=\"noopener\">Santa Margarida Maria Alacoque<\/a><\/li><li><a href=\"https:\/\/revistaesmeril.com.br\/dose-de-fe-santa-leonia-francisca-de-sales-aviat\/\" target=\"_blank\" rel=\"noopener\">Santa Le\u00f4nia Aviat<\/a><\/li><li><a href=\"https:\/\/oblatos.realizare.net\/nossos-fundadores\/\" target=\"_blank\" rel=\"noopener\">Beato Lu\u00eds Brisson<\/a><\/li><li><a href=\"https:\/\/pt.wikipedia.org\/wiki\/Dom_Bosco\" target=\"_blank\" rel=\"noopener\">S\u00e3o Jo\u00e3o Dom Bosco<\/a><\/li><li><a href=\"https:\/\/pt.wikipedia.org\/wiki\/Filippo_Smaldone\" target=\"_blank\" rel=\"noopener\">S\u00e3o Filippo Smaldone<\/a><\/li><li><a href=\"https:\/\/www.monjasvisitandinas.com.br\/sete-beatas-martires\/\" target=\"_blank\" rel=\"noopener\">Beatas M\u00e1rtires de Madrid<\/a><\/li><li><a href=\"https:\/\/pt.wikipedia.org\/wiki\/Papa_Jo%C3%A3o_XXIII\" target=\"_blank\" rel=\"noopener\">S\u00e3o Jo\u00e3o XXIII<\/a><\/li><\/ul><h2>Personalidades salesianas<\/h2><ul><li><a href=\"https:\/\/www.monjasvisitandinas.com.br\/veneravel-madre-maria-de-sales-chappuis\/\" target=\"_blank\" rel=\"noopener\">Maria Salesia Chappuis<\/a><\/li><li><a href=\"https:\/\/www.monjasvisitandinas.com.br\/irma-maria-marta-chambon\/\" target=\"_blank\" rel=\"noopener\">Maria Marthe Chambon<\/a><\/li><li><a href=\"https:\/\/www.monjasvisitandinas.com.br\/irma-maria-margarida-bogner\/\" target=\"_blank\" rel=\"noopener\">Maria Margit Bogner<\/a><\/li><li><a href=\"http:\/\/hosted.desales.edu\/w4\/salesian\/icss_en\/generals_osfs.html\" target=\"_blank\" rel=\"noopener\">Superiora Geral dos Oblatos de S\u00e3o Francisco de Sales<\/a><\/li><li>Franz Reisinger<\/li><li>Carlo Cavina<\/li><li>Henri Chaumont<\/li><li>Caroline Carr\u00e9 de Malberg<\/li><li>Raymond Bonal<\/li><li>Pierre Marie Mermier<\/li><\/ul><h2>Comunidades Salesianas<\/h2><ul><li><a href=\"https:\/\/www.monjasvisitandinas.com.br\/\" target=\"_blank\" rel=\"noopener\">Ordem da Visita\u00e7\u00e3o de Santa Maria<\/a><\/li><li><div class=\"searchResultImage-text\"><div class=\"mw-search-result-heading\"><a href=\"https:\/\/soeursoblatesdesfs.com\/es\/inicio-2\/\" target=\"_blank\" rel=\"noopener\">Irm\u00e3s <span class=\"searchmatch\">Oblatas <\/span>de S\u00e3o Francisco de Sales<\/a><\/div><\/div><\/li><li><a href=\"https:\/\/oblatos.realizare.net\/\" target=\"_blank\" rel=\"noopener\">Oblatos de S\u00e3o Francisco de Sales<\/a><\/li><li>Visita\u00e7\u00e3o de Ghent<\/li><li><a href=\"https:\/\/pt.wikipedia.org\/wiki\/Salesianos\" target=\"_blank\" rel=\"noopener\">Salesianos de Dom Bosco<\/a><\/li><li>Mission\u00e1rios de S\u00e3o Francisco de Sales<\/li><li>Comunidade de S\u00e3o Francisco de Sales<\/li><li>Instituto Secular de S\u00e3o Francisco de Sales<\/li><li>Filhas de S\u00e3o Francisco de Sales de Lugo<\/li><li>Irm\u00e3s Salesianas do Sagrado Cora\u00e7\u00e3o<\/li><li>Irm\u00e3s de S\u00e3o Francisco de Sales<\/li><li><a href=\"http:\/\/www.franz-sales-verlag.de\/familie\/\" target=\"_blank\" rel=\"noopener\">Vis\u00e3o geral da Fam\u00edlia Salesiana<\/a><\/li><\/ul>\t\t\t\t\t\t\t\t<\/div>\n\t\t\t\t<\/div>\n\t\t\t\t\t<\/div>\n\t\t<\/div>\n\t\t\t\t\t<\/div>\n\t\t<\/section>\n\t\t\t\t<\/div>\n\t\t","protected":false},"excerpt":{"rendered":"<p>A miss\u00e3o do ICSS \u00e9 difundir a espiritualidade salesiana em todo o mundo, que se baseia na vida, nos ensinamentos e no trabalho de S\u00e3o Francisco de Sales. Espiritualidade salesiana Santos e beatos salesianos S\u00e3o Francisco de Sales Santa Joana Francisca de Chantal Beata Barbe Acarie &#8211; Maria da Encarna\u00e7\u00e3o S\u00e3o Vicente de Paulo Santa [&hellip;]<\/p>\n","protected":false},"author":1,"featured_media":0,"parent":0,"menu_order":0,"comment_status":"closed","ping_status":"closed","template":"","meta":{"footnotes":""},"class_list":["post-1686","page","type-page","status-publish","hentry"],"_links":{"self":[{"href":"https:\/\/osfs.world\/icss\/pt-br\/wp-json\/wp\/v2\/pages\/1686","targetHints":{"allow":["GET"]}}],"collection":[{"href":"https:\/\/osfs.world\/icss\/pt-br\/wp-json\/wp\/v2\/pages"}],"about":[{"href":"https:\/\/osfs.world\/icss\/pt-br\/wp-json\/wp\/v2\/types\/page"}],"author":[{"embeddable":true,"href":"https:\/\/osfs.world\/icss\/pt-br\/wp-json\/wp\/v2\/users\/1"}],"replies":[{"embeddable":true,"href":"https:\/\/osfs.world\/icss\/pt-br\/wp-json\/wp\/v2\/comments?post=1686"}],"version-history":[{"count":25,"href":"https:\/\/osfs.world\/icss\/pt-br\/wp-json\/wp\/v2\/pages\/1686\/revisions"}],"predecessor-version":[{"id":1747,"href":"https:\/\/osfs.world\/icss\/pt-br\/wp-json\/wp\/v2\/pages\/1686\/revisions\/1747"}],"wp:attachment":[{"href":"https:\/\/osfs.world\/icss\/pt-br\/wp-json\/wp\/v2\/media?parent=1686"}],"curies":[{"name":"wp","href":"https:\/\/api.w.org\/{rel}","templated":true}]}}