{"id":1347,"date":"2022-09-26T17:50:35","date_gmt":"2022-09-26T15:50:35","guid":{"rendered":"https:\/\/dev.osfs.world\/icss\/statuti\/"},"modified":"2022-09-26T17:50:36","modified_gmt":"2022-09-26T15:50:36","slug":"statuti","status":"publish","type":"page","link":"https:\/\/osfs.world\/icss\/it\/statuti\/","title":{"rendered":"Statuti"},"content":{"rendered":"\n<p><strong>DELLA COMMISSIONE INTERNAZIONALE DI STUDI SALESIANI (ICSS)<\/strong><\/p>\n\n<p>degli Oblati di San Francesco di Sales<\/p>\n\n<p><em>(versione rivista, agosto 2005)<\/em><\/p>\n\n<p>Conformemente alle disposizioni dal 14\u00b0 Capitolo Generale (1976), il Consiglio Generale, in accordo con i Provinciali e i Superiori Regionali, ha istituito un organismo permanente per la promozione degli studi salesiani con i seguenti statuti.<\/p>\n\n<h2 class=\"wp-block-heading\">I. Studi salesiani<\/h2>\n\n<p>Con l\u2019espressione \u201cstudi salesiani\u201d si intendono studi riguardanti san Francesco di Sales, santa Giovanna di Chantal, padre Brisson, madre Maria di Sales Chappuis, le Monache della Visitazione S. Maria, gli Oblati e le Oblate di san Francesco di Sales, l\u2019Istituto Secolare di san Francesco di Sales e tutta la famiglia salesiana. &#013;\nQuesti studi si possono concepire secondo tre cerchi concentrici:<\/p>\n\n<p><ul type=\"disc\"><li>Nel cerchio pi\u00f9 interno si colloca la ricerca di base.<\/li>&#013;\n \t<li>Un secondo cerchio pi\u00f9 ampio comprende le opere di divulgazione perch\u00e9 le scoperte fatte dalla ricerca di base siano accessibili alle persone non interessate alla ricerca scientifica, ma interessate a conoscere e vivere la dottrina salesiana.<\/li>&#013;\n \t<li>Nelcerchio pi\u00f9 esterno rientrano gli scritti destinati alle persone impegnate attivamente nella diffusione del pensiero e dello spirito salesiano mediante la stampa, i media, la predicazione e la direzione spirituale.<\/li>&#013;\n<\/ul><\/p>\n\n<h2 class=\"wp-block-heading\">II. La Commissione internazionale<\/h2>\n\n<p>Per promuovere gli studi salesiani nei modo pi\u00f9 completo possibile, sar\u00e0 creata una Commissione Internazionale con il seguente regolamento:<\/p>\n\n<p>1. La Commissione comprende quattro Oblati, preferibilmente esperti in studi salesiani. Uno rappresenter\u00e0 le aree di lingua inglese, un altro quelle di lingua francese e italiana, un terzo quelle di lingua tedesca e olandese e un quarto quelle di lingua spagnola e portoghese.<\/p>\n\n<p>2. I membri della Commissione sono nominati dal Consiglio Generale, in accordo con i rispettivi Provinciali e Superiori regionali. La durata del loro mandato \u00e8 di tre anni. Per garantire la continuit\u00e0, dopo i primi tre anni, uno dei membri sar\u00e0 riconfermato per un anno supplementare, un altro per due anni, un altro per tre anni. \u00c8 possibile rinominare gli stessi membri.<\/p>\n\n<p>3. La Commissione sar\u00e0 sostenuta nei suoi lavori da alcuni consulenti che abbiano competenza in particolari settori (lingue, programmazione di siti Internet, archivi, attivit\u00e0 editoriale, ecc.). I consulenti non sono membri dell\u2019ICSS e di norma non prendono parte ai suoi incontri e alle sue deliberazioni. L\u2019ICSS propone al Consiglio Generale il nome della persona da designare consulente con le motivazioni fondamentali. Il Consiglio Generale fa le sue osservazioni sul nome proposto e \/ o, se lo ritiene adatto, lo approva. La durata dell\u2019incarico di consulente \u00e8 di tre anni. L\u2019incarico pu\u00f2 essere riconfermato.<\/p>\n\n<p>4. La Commissione ha la funzione di promuovere gli Studi Salesiani:&#013;\n&#013;\na) informando su ci\u00f2 che esiste o \u00e8 in fase di esecuzione;&#013;\n&#013;\nb) coordinando a livello internazionale studi e progetti proposti;&#013;\n&#013;\nc) incoraggiando determinati studi e progetti, specialmente mediante una strettissima collaborazione con l\u2019archivista del Generalato;&#013;\n&#013;\nd) raccomandando alcuni progetti perch\u00e9 ottengano sostegno finanziario conformemente alle procedure previste per la loro approvazione;&#013;\n&#013;\ne) sostenendo finanziariamente i progetti approvati dal Consiglio Generale secondo le regole previste nella Sezione IV.<\/p>\n\n<p>5. Ogni anno la Commissione&#013;\n<ul><li>rediger\u00e0 un bilancio preventivo e lo presenter\u00e0 al Consiglio Generale per l\u2019approvazione. Esso includer\u00e0 le seguenti spese:<\/li>&#013;\n<\/ul>&#013;\na) le spese dei membri per la corrispondenza e i viaggi per le riunioni della Commissione;&#013;\n&#013;\nb) le spese del Centro di Informazione per la pubblicazione regolare di un bollettino, per le circolari e per la corrispondenza;&#013;\n&#013;\nc) per l\u2019attrezzatura informatica richiesta per il mantenimento del sito degli studi salesiani;&#013;\n&#013;\nd) soprattutto per il sostegno finanziario dei progetti, in accordo con le direttive per le procedure di approvazione.<\/p>\n\n<p><ul><li>Far\u00e0 un rapporto annuale delle sue attivit\u00e0.<\/li>&#013;\n \t<li>Valuter\u00e0 le domande di sovvenzione di progetti.<\/li>&#013;\n \t<li>Invier\u00e0 un rapporto ai Provinciali e ai Superiori Regionali elencando tutti i progetti, raccomandati e non, con il bilancio preventivo delle somme richieste per ogni progetto. I Provinciali e i Regionali saranno invitati a notificare al Consiglio Generale la loro valutazione dei progetti proposti. Il Consiglio Generale decider\u00e0 in ultima istanza quali progetti saranno approvati per l\u2019esecuzione.<\/li>&#013;\n<\/ul><\/p>\n\n<h2 class=\"wp-block-heading\">III. Il Centro di Informazione<\/h2>\n\n<p>1. Sar\u00e0 creato un centro elettronico di informazione: organo della Commissione Internazionale, esso sar\u00e0 amministrato da un membro dell\u2019ICSS o da altra persona designata per questa funzione dal Consiglio Generale. Tale persona sar\u00e0 sotto la direzione dell\u2019ICSS.<\/p>\n\n<p>2. Il Centro di Informazione ha i seguenti compiti:&#013;\n&#013;\na) Raccoglie tutto ci\u00f2 che viene comunicato su istituzioni, attivit\u00e0, studi e progetti, all\u2019interno e all\u2019esterno della Congregazione.&#013;\n&#013;\nb) Diffonde queste informazioni mediante un bollettino pubblicato regolarmente, o in certi casi mediante circolari speciali.<\/p>\n\n<p>3. In ogni Provincia o Regione (o, in seguito ad accordo, in diverse Province\/Regioni di una stessa lingua) sar\u00e0 costituito un Centro regionale di Studi Salesiani, la cui amministrazione e orga\u00adnizzazione saranno determinate dalle rispettive Province\/Regioni. \u00c8 auspicabile, se ci\u00f2 \u00e8 possibile, che si tratti di un centro elettronico collegato al WORLD WIDE WEB, il che permetter\u00e0 un collegamento facile al sito degli Studi Salesiani dell\u2019ICSS.&#013;\n&#013;\na) Questi Centri terranno regolarmente informato il Centro Internazionale di Informazione di tutto ci\u00f2 che vale la pena conoscere riguardo agli Studi Salesiani e delle attivit\u00e0 presenti nella loro zona.&#013;\n&#013;\nb) Diffonderanno in modo adeguato l\u2019informazione ricevuta dal Centro Internazionale.&#013;\n&#013;\nc) Coordineranno le attivit\u00e0 nella loro area geografica e incoraggiandole e sostenendole.<\/p>\n\n<p>4. Anche se l\u2019ICSS mette l\u2019accento sulle nuove tecnologie per gli Studi Salesiani, sulla loro diffusione e promozione, questo non significa che le forme pi\u00f9 tradizionali siano sorpassate. Le nuove possibilit\u00e0 offerte da Internet non le sostituiscono, ma le completano.<\/p>\n\n<h2 class=\"wp-block-heading\">IV. Finanziamento<\/h2>\n\n<p>1. L\u2019ICSS operer\u00e0 con un budget annuale approvato dal Consiglio Generale. In linea generale, esso non superer\u00e0 i 15.000 $.&#013;\n&#013;\n2. Questo budget sar\u00e0 finanziato secondo le seguenti modalit\u00e0: met\u00e0 sar\u00e0 un contributo, su base uguale, delle Province, l\u2019altra met\u00e0 in proporzione dei loro membri.&#013;\n&#013;\n3. L\u2019anno contabile della Commissione internazionale va dal 1\u00b0 settembre al 31 agosto dell\u2019anno seguente.<\/p>\n\n<h2 class=\"wp-block-heading\">V. direttive per le procedure di Approvazione [dei finanziamenti]<\/h2>\n\n<p>Per il finanziamento di progetti che sono di interesse e di importanza per tutta la Congregazione si applicano le seguenti regole:<\/p>\n\n<p>1. La Commissione Internazionale pu\u00f2 suggerire di sua iniziativa dei progetti che presentano un interesse immediato per tutta la Congregazione e raccomandarli per una sovvenzione.<\/p>\n\n<p>2. Singoli Oblati o gruppi di Oblati possono richiedere aiuti finanziari per la promozione di progetti specifici secondo la seguente procedura:&#013;\n&#013;\na) Per ogni singolo progetto si deve sottoporre una domanda separata, usando il modulo apposito [vd. \u201cApplication form\u201d], al Presidente dell\u2019ICSS entro il 30 aprile precedente l\u2019inizio del nuovo anno contabile.&#013;\n&#013;\nb) La Commissione valuta tutte le domande secondo la loro utilit\u00e0 per gli studi salesiani e le presenta, con la relativa valutazione, al Generale e al suo Consiglio, ai Provinciali e ai Regionali.&#013;\n&#013;\nc) Il Consiglio Generale, dopo aver ricevuto le osservazioni dei Provinciali, dei Regionali e dell\u2019ICSS, decide se assegnare una sovvenzione e il relativo importo.&#013;\n&#013;\nd) Tutti coloro che hanno fatto domanda saranno informati per iscritto dal Presidente della Commissione della decisione riguardo alla loro richiesta. La Congregazione sar\u00e0 informata dal Generalato.&#013;\n&#013;\ne) Coloro che hanno ricevuto una sovvenzione dovranno fornire un rapporto annuale scritto, indicante se e come essi hanno eseguito il loro progetto. Questo rapporto deve essere presentato al Presidente dell\u2019ICSS entro il 1\u00b0 giugno.<\/p>\n\n<p>3. La sovvenzione di progetti di studi salesiani avviene nel modo seguente:&#013;\n&#013;\na) Di norma, non si prevedr\u00e0 un pagamento del tempo di lavoro degli Oblati.&#013;\n&#013;\nb) \u00c8 data priorit\u00e0 ai progetti di immediata utilit\u00e0 per l\u2019intera Congregazione e che corrispondono alle priorit\u00e0 attualmente raccomandate dalla ICSS e approvate dal Consiglio Generale. Questi progetto saranno interamente finanziati dal budget della Commissione Internazionale. In futuro saranno ugualmente finanziati i progetti e gli studi importanti per la ricerca salesiana, anche se non sono forniti in forma digitale.&#013;\n&#013;\nc) Per tutti gli altri progetti, met\u00e0 della sovvenzione accordata sar\u00e0 a carico della provincia da cui provengono le richieste e l\u2019altra met\u00e0 sar\u00e0 a carico del budget della Commissione Internazionale.&#013;\n&#013;\nd) Le traduzioni di documenti salesiani e oblati giudicati utili potranno essere oggetto di una sovvenzione.&#013;\n&#013;\ne) I progetti approvati in corso di esecuzione non saranno sovvenzionati per pi\u00f9 di tre anni. Dopo il periodo sovvenzionato, essi dovranno essere in grado di sostenersi finanziariamente.<\/p>\n","protected":false},"excerpt":{"rendered":"<p>DELLA COMMISSIONE INTERNAZIONALE DI STUDI SALESIANI (ICSS) degli Oblati di San Francesco di Sales (versione rivista, agosto 2005) Conformemente alle disposizioni dal 14\u00b0 Capitolo Generale (1976), il Consiglio Generale, in accordo con i Provinciali e i Superiori Regionali, ha istituito un organismo permanente per la promozione degli studi salesiani con i seguenti statuti. I. Studi [&hellip;]<\/p>\n","protected":false},"author":1,"featured_media":0,"parent":0,"menu_order":0,"comment_status":"closed","ping_status":"closed","template":"","meta":{"footnotes":""},"class_list":["post-1347","page","type-page","status-publish","hentry"],"_links":{"self":[{"href":"https:\/\/osfs.world\/icss\/it\/wp-json\/wp\/v2\/pages\/1347","targetHints":{"allow":["GET"]}}],"collection":[{"href":"https:\/\/osfs.world\/icss\/it\/wp-json\/wp\/v2\/pages"}],"about":[{"href":"https:\/\/osfs.world\/icss\/it\/wp-json\/wp\/v2\/types\/page"}],"author":[{"embeddable":true,"href":"https:\/\/osfs.world\/icss\/it\/wp-json\/wp\/v2\/users\/1"}],"replies":[{"embeddable":true,"href":"https:\/\/osfs.world\/icss\/it\/wp-json\/wp\/v2\/comments?post=1347"}],"version-history":[{"count":1,"href":"https:\/\/osfs.world\/icss\/it\/wp-json\/wp\/v2\/pages\/1347\/revisions"}],"predecessor-version":[{"id":1348,"href":"https:\/\/osfs.world\/icss\/it\/wp-json\/wp\/v2\/pages\/1347\/revisions\/1348"}],"wp:attachment":[{"href":"https:\/\/osfs.world\/icss\/it\/wp-json\/wp\/v2\/media?parent=1347"}],"curies":[{"name":"wp","href":"https:\/\/api.w.org\/{rel}","templated":true}]}}