{"id":1282,"date":"2022-09-25T11:54:08","date_gmt":"2022-09-25T09:54:08","guid":{"rendered":"https:\/\/dev.osfs.world\/icss\/accueil\/"},"modified":"2024-06-09T11:24:28","modified_gmt":"2024-06-09T09:24:28","slug":"accueil","status":"publish","type":"page","link":"https:\/\/osfs.world\/icss\/fr\/","title":{"rendered":"Accueil"},"content":{"rendered":"\t\t<div data-elementor-type=\"wp-page\" data-elementor-id=\"1282\" class=\"elementor elementor-1282 elementor-10\" data-elementor-post-type=\"page\">\n\t\t\t\t\t\t<section class=\"elementor-section elementor-top-section elementor-element elementor-element-4a4921b0 elementor-section-boxed elementor-section-height-default elementor-section-height-default\" data-id=\"4a4921b0\" data-element_type=\"section\" data-e-type=\"section\">\n\t\t\t\t\t\t<div class=\"elementor-container elementor-column-gap-default\">\n\t\t\t\t\t<div class=\"elementor-column elementor-col-100 elementor-top-column elementor-element elementor-element-152b124a\" data-id=\"152b124a\" data-element_type=\"column\" data-e-type=\"column\">\n\t\t\t<div class=\"elementor-widget-wrap elementor-element-populated\">\n\t\t\t\t\t\t<div class=\"elementor-element elementor-element-713d068 elementor-widget elementor-widget-text-editor\" data-id=\"713d068\" data-element_type=\"widget\" data-e-type=\"widget\" data-widget_type=\"text-editor.default\">\n\t\t\t\t<div class=\"elementor-widget-container\">\n\t\t\t\t\t\t\t\t\t<p class=\"Stil3\">La mission d\u2019ICSS est la propagation de la spiritualit\u00e9 sal\u00e9sienne dans le monde entier, fond\u00e9e dans l\u2019enseignement et l\u2019\u0153uvre de St. Fran\u00e7ois de Sales.<\/p><ul><li><a href=\"https:\/\/saint-francois-de-sales.com\/spiritualite\/la-spiritualite-salesienne\/\" target=\"_blank\" rel=\"noopener\"><span class=\"Stil2\">Spiritualit\u00e9 sal\u00e9sien<\/span><\/a><\/li><\/ul><h2 class=\"Stil2\">Saints sal\u00e9siens:<\/h2><ul><li><a href=\"https:\/\/fr.wikipedia.org\/wiki\/Fran%C3%A7ois_de_Sales\" target=\"_blank\" rel=\"noopener\">St. Fran\u00e7ois de Sales<\/a><\/li><li><a href=\"https:\/\/fr.wikipedia.org\/wiki\/Jeanne_de_Chantal\" target=\"_blank\" rel=\"noopener\">Ste. Jeanne Fran\u00e7oise de Chantal<\/a><\/li><li><a href=\"https:\/\/fr.wikipedia.org\/wiki\/Marguerite-Marie_Alacoque\" target=\"_blank\" rel=\"noopener\">Ste. Marguerite Marie Alacoque<\/a><\/li><li><a href=\"https:\/\/fr.wikipedia.org\/wiki\/L%C3%A9onie_Aviat\" target=\"_blank\" rel=\"noopener\">Ste. L\u00e9onie Aviat<\/a><\/li><li>Les Bienheureuses Martyres Visitandines de Madrid<\/li><li><a href=\"http:\/\/www.franz-sales-verlag.de\/brisson2012_fr\/\" target=\"_blank\" rel=\"noopener\">Bienheureux Louis Brisson<\/a><\/li><li><a href=\"http:\/\/fr.wikipedia.org\/wiki\/Vincent_de_Paul\" target=\"_blank\" rel=\"noopener\">St. Vincent de Paul<\/a><\/li><li><a href=\"http:\/\/fr.wikipedia.org\/wiki\/Jean_Bosco\" target=\"_blank\" rel=\"noopener\">St. Jean Bosco<\/a><\/li><li><a href=\"http:\/\/fr.wikipedia.org\/wiki\/Philippe_Smaldone\" target=\"_blank\" rel=\"noopener\">St. Filippo Smaldone<\/a><\/li><li><a href=\"http:\/\/fr.wikipedia.org\/wiki\/Jean_XXIII\" target=\"_blank\" rel=\"noopener\">St. Joan XXIII.<\/a><\/li><li><a href=\"https:\/\/www.madame-acarie.org\/\" target=\"_blank\" rel=\"noopener\">Bienheureuse Barbe Acarie &#8211; Marie de l&rsquo;Incarnation<\/a><\/li><\/ul><h2 class=\"Stil2\">Personnalit\u00e9s sal\u00e9siennes:<\/h2><ul><li><a href=\"https:\/\/fr.wikipedia.org\/wiki\/Marie_de_Sales_Chappuis\" target=\"_blank\" rel=\"noopener\">Marie de Sales Chappuis<\/a><\/li><li><a href=\"http:\/\/leblogdumesnil.unblog.fr\/2011\/03\/30\/2011-36-de-soeur-marie-marthe-chambon-et-de-la-devotion-aux-saintes-plaies-de-notre-seigneur\/\" target=\"_blank\" rel=\"noopener\">Marie Marthe Chambon<\/a><\/li><li>Marie Margit Bogner<\/li><li><a href=\"http:\/\/franz-von-sales.de\/icss_fr\/generals_osfs.html\" target=\"_blank\" rel=\"noopener\">Sup\u00e9rieur G\u00e9n\u00e9ral des Oblats de St. Fran\u00e7ois de Sales<\/a><\/li><li>Fran\u00e7ois Reisinger<\/li><li>Carlo Cavina<\/li><li><a href=\"https:\/\/fr.wikipedia.org\/wiki\/Henri_Chaumont\" target=\"_blank\" rel=\"noopener\">Henri Chaumont<\/a><\/li><li><a href=\"https:\/\/fr.wikipedia.org\/wiki\/Caroline_Carr%C3%A9_de_Malberg\" target=\"_blank\" rel=\"noopener\">Caroline Carr\u00e9 de Malberg<\/a><\/li><li>Raymond Bonal<\/li><li><a href=\"http:\/\/fr.wikipedia.org\/wiki\/Pierre-Marie_Mermier\" target=\"_blank\" rel=\"noopener\">Pierre Marie Mermier<\/a><\/li><\/ul><h2 class=\"Stil2\">Communaut\u00e9s de la famille sal\u00e9siennes:<\/h2><ul><li><a href=\"https:\/\/la-visitation.org\" target=\"_blank\" rel=\"noopener\">Ordre de la Visitation de Sainte-Marie<\/a><\/li><li><a href=\"https:\/\/soeursoblatesdesfs.com\/\" target=\"_blank\" rel=\"noopener\">S\u0153urs Oblates de St. Fran\u00e7ois de Sales<\/a><\/li><li><a href=\"https:\/\/fr.wikipedia.org\/wiki\/Oblats_de_Saint_Fran%C3%A7ois_de_Sales\" target=\"_blank\" rel=\"noopener\">Oblats de St. Fran\u00e7ois de Sales<\/a><\/li><li><a href=\"https:\/\/fr.wikipedia.org\/wiki\/Congr%C3%A9gation_de_la_Visitation_de_Gand\" target=\"_blank\" rel=\"noopener\">Visitation de Gand<\/a><\/li><li><a href=\"http:\/\/fr.wikipedia.org\/wiki\/Sal%C3%A9sien\" target=\"_blank\" rel=\"noopener\">Sal\u00e9siens de Don Bosco<\/a><\/li><li><a href=\"http:\/\/fr.wikipedia.org\/wiki\/Missionnaires_de_Saint_Fran%C3%A7ois_de_Sales\" target=\"_blank\" rel=\"noopener\">Missionaires de St. Fran\u00e7ois de Sales<\/a><\/li><li><a href=\"http:\/\/www.francoisdesales.com\/\" target=\"_blank\" rel=\"noopener\">Soci\u00e9t\u00e9 de St. Fran\u00e7ois de Sales<\/a><\/li><li>Institut s\u00e9culaire de St. Fran\u00e7ois de Sales<\/li><li><a href=\"https:\/\/fr.wikipedia.org\/wiki\/Filles_de_Saint_Fran%C3%A7ois_de_Sales\" target=\"_blank\" rel=\"noopener\">Filles de St. Fran\u00e7ois de Sales de Lugo<\/a><\/li><li><a href=\"https:\/\/fr.wikipedia.org\/wiki\/Sal%C3%A9siennes_des_Sacr%C3%A9s-C%C5%93urs\" target=\"_blank\" rel=\"noopener\">Sal\u00e9siennes des Sacr\u00e9s-C\u0153urs<\/a><\/li><li><a href=\"https:\/\/fr.wikipedia.org\/wiki\/S%C5%93urs_de_Saint_Fran%C3%A7ois_de_Sales\" target=\"_blank\" rel=\"noopener\">S\u0153urs de Saint Fran\u00e7ois de Sales<\/a><\/li><\/ul><ul><li><span class=\"Stil2\"><a href=\"https:\/\/la-visitation.org\/l-ordre-de-la-visitation\/famille-salesienne\" target=\"_blank\" rel=\"noopener\">Famille sal\u00e9siennes<\/a><\/span><\/li><\/ul>\t\t\t\t\t\t\t\t<\/div>\n\t\t\t\t<\/div>\n\t\t\t\t\t<\/div>\n\t\t<\/div>\n\t\t\t\t\t<\/div>\n\t\t<\/section>\n\t\t\t\t<\/div>\n\t\t","protected":false},"excerpt":{"rendered":"<p>La mission d\u2019ICSS est la propagation de la spiritualit\u00e9 sal\u00e9sienne dans le monde entier, fond\u00e9e dans l\u2019enseignement et l\u2019\u0153uvre de St. Fran\u00e7ois de Sales. Spiritualit\u00e9 sal\u00e9sien Saints sal\u00e9siens: St. Fran\u00e7ois de Sales Ste. Jeanne Fran\u00e7oise de Chantal Ste. Marguerite Marie Alacoque Ste. L\u00e9onie Aviat Les Bienheureuses Martyres Visitandines de Madrid Bienheureux Louis Brisson St. Vincent [&hellip;]<\/p>\n","protected":false},"author":1,"featured_media":0,"parent":0,"menu_order":0,"comment_status":"closed","ping_status":"closed","template":"","meta":{"footnotes":""},"class_list":["post-1282","page","type-page","status-publish","hentry"],"_links":{"self":[{"href":"https:\/\/osfs.world\/icss\/fr\/wp-json\/wp\/v2\/pages\/1282","targetHints":{"allow":["GET"]}}],"collection":[{"href":"https:\/\/osfs.world\/icss\/fr\/wp-json\/wp\/v2\/pages"}],"about":[{"href":"https:\/\/osfs.world\/icss\/fr\/wp-json\/wp\/v2\/types\/page"}],"author":[{"embeddable":true,"href":"https:\/\/osfs.world\/icss\/fr\/wp-json\/wp\/v2\/users\/1"}],"replies":[{"embeddable":true,"href":"https:\/\/osfs.world\/icss\/fr\/wp-json\/wp\/v2\/comments?post=1282"}],"version-history":[{"count":171,"href":"https:\/\/osfs.world\/icss\/fr\/wp-json\/wp\/v2\/pages\/1282\/revisions"}],"predecessor-version":[{"id":1671,"href":"https:\/\/osfs.world\/icss\/fr\/wp-json\/wp\/v2\/pages\/1282\/revisions\/1671"}],"wp:attachment":[{"href":"https:\/\/osfs.world\/icss\/fr\/wp-json\/wp\/v2\/media?parent=1282"}],"curies":[{"name":"wp","href":"https:\/\/api.w.org\/{rel}","templated":true}]}}