{"id":1185,"date":"2022-08-19T09:55:04","date_gmt":"2022-08-19T07:55:04","guid":{"rendered":"https:\/\/dev.osfs.world\/icss\/statuts\/"},"modified":"2022-08-19T10:27:35","modified_gmt":"2022-08-19T08:27:35","slug":"statuts","status":"publish","type":"page","link":"https:\/\/osfs.world\/icss\/fr\/statuts\/","title":{"rendered":"Statuts"},"content":{"rendered":"\n<p><strong>DE LA COMMISSION INTERNATIONALE POUR LES \u00c9TUDES SALESIENNES (ICSS)<\/strong><\/p>\n\n\n\n<p>de la congr\u00e9gation des oblats de saint Fran\u00e7ois de Sales<\/p>\n\n\n\n<p><em>(Version r\u00e9vis\u00e9e, ao\u00fbt 2005)<\/em><\/p>\n\n\n\n<p>En accord avec l\u2019instruction du 14\u00e8me chapitre G\u00e9n\u00e9ral (1976), le Conseil G\u00e8n\u00e9ral, avec l\u2019accord des Provinciaux et des Sup\u00e9rieurs R\u00e9gionaux a institu\u00e9 un organisme permanent pour la promotion des \u00e8tudes sal\u00e9siennes, avec les Statuts suivants.<\/p>\n\n\n\n<h2 class=\"wp-block-heading\">I. \u00c8tudes sal\u00e9siennes<\/h2>\n\n\n\n<p>L\u2019expression \u201e\u00e8tudes sal\u00e9siennes\u201c fait r\u00e9f\u00e8rence \u00e0 des \u00e9tudes concernant St. Fran\u00e7ois de Sales, Ste. Jeanne de Chantal, le P\u00e8re Brisson, la M\u00e8re Marie de Sales Chappuis, les S\u0153urs de la Visitation Ste. Marie, les Oblats et les Oblates de St. Fran\u00e7ois de Sales, l\u2019Institut s\u00e9culier de Sales, et toute la famille sal\u00e9sienne. Ces \u00e9tudes peuvent \u00eatre rang\u00e9es selon trois cercles concentriques.<\/p>\n\n\n\n<p>\u00b7 Le premier cercle: les recherches fondamentales.\r\n\u00b7 Le cercle suivant comprend la vulgarisation des d\u00e9couvertes de la recherche fondamentale aux personnes non int\u00e9ress\u00e9es par la recherche scientifique, mais d\u00e9sireuses de conna\u00eetre et pratiquer la doctrine salesienne.\r\n\u00b7 Le dernier cercle comprend des travaux mis \u00e0 disposition des personnes engag\u00e9es activement \u00e1 la diffusion de la pens\u00e8e et de l\u2019esprit salesien, dans la presse, les m\u00e9dias, la pr\u00e9dication, et la direction spirituelle.<\/p>\n\n\n\n<h2 class=\"wp-block-heading\">II. La Comission internationale<\/h2>\n\n\n\n<p>Pour r\u00e9aliser une promotion des \u00e9tudes sal\u00e9siennes aussi compl\u00e8te que possible, une Commission internationale sere cr\u00e9\u00e9e, avec le r\u00e8glement suivant:<\/p>\n\n\n\n<p>1. La Commission comprend quatre Oblats, de pr\u00e9f\u00e9rence experts dans les \u00e9tudes salesiennes. Un repr\u00e9sentera le secteur anglais, l\u2019autre le secteur fran\u00e7ais et italien, le troisi\u00e8me le secteur allemand et hollandais et le quatri\u00e8me le secteur espagnol et portugais. <\/p>\n\n\n\n<p>2. Les membres de la Commission sont nomm\u00e9s par le Conseil G\u00e9n\u00e9ral, en accord avec les Provinciaux et les Sup\u00e9rieurs R\u00e9gionaux respectifs. La dur\u00e9e du mandat est de trois ans. Afin de maintenir et de pr\u00e9server la continuit\u00e9, apr\u00e8s les premiers trois ans, un des membres sera reconduit pour une ann\u00e9e suppl\u00e9mentair, un autre pour deux ans, un autre pour trois ans. Une reconduction est possible.<\/p>\n\n\n\n<p>3. La Commission sera soutenue par des conseillers dans leurs travaux, lesquels conseillers beneficient de comp\u00e9tences dans des domaines divers. Par exemple : Dans les langues, la programmation des s\u00eetes internet, les archives, dans les publications etc. Les conseillers ne sont pas des membres statutaires de l\u2019ICSS et par cons\u00e9quent ne prennent pas part aux rencontres et aux s\u00e9ances de d\u00e9lib\u00e9rations. L\u2019ICSS propose les noms de personnes devant \u00eatre nomm\u00e9es et les justifications aff\u00e9rentes \u00e0 celles ci, qui sont soumis au Conseil G\u00e9n\u00e9ral. Le Conseil G \u00e9n\u00e9ral fait des observations concernant les propositions de noms \u00e0 lui faites et \/ ou approuve en cas d\u2019accord. La dur\u00e9e de la fonction du conseiller est valable pour trois ann\u00e9es. Une prolongation de la p\u00e9riode de ces fonctions est possible.<\/p>\n\n\n\n<p>4. La Commission a pour mission la promotion des \u00e9tudes salesiennes:\r\na) par la communication de ce qui existe ou \u00e9t\u00e9 mis \u00e0 ex\u00e9cution.\r\nb) par la coordination au niveau international des \u00e9tudes et des projets.\r\nc) par l\u2019encouragement de certaines \u00e9tudes et projets, sp\u00e9cialement en coop\u00e9rant tr\u00e8s \u00e9troitement avec l\u2019archiviste du G\u00e9n\u00e9ralat.\r\nd) par la recommandation de certains projets pour un appui financier conform\u00e9ment aux r\u00e8gles des proc\u00e9dures d\u2019approbation.\r\ne) par un appui financier des projets approuv\u00e9s par le Conseil G\u00e9n\u00e9ral selon les r\u00e8gles de la section IV.<\/p>\n\n\n\n<p>5. Chaque ann\u00e9e la Commision\r\n\u00b7 \u00e8tablira un budget et le pr\u00e9sentera au Conseil G\u00e9n\u00e9ral pour approbation. Il incluera les d\u00e9penses suivantes:\r\na) les d\u00e9penses des membres pour la correspondance et les voyages pour les r\u00e9unions de la Commission.\r\nb) les d\u00e9penses du Centre d\u2019Information pour la publication r\u00e9guli\u00e8re d\u2019un bulletin les circulaires et la correspondance.\r\nc) pour l\u2019\u00e9quipement informatique requis pour la maintenance du site des \u00e9tudes sal\u00e9siennes.\r\nd) surtout pour l\u2019appui financier des projets, en accord avec les directives des proc\u00e9dures d\u2019approbation.<\/p>\n\n\n\n<p>\u00b7 fera un rapport annuel de ses activit\u00e9s;\r\n\u00b7 \u00e9valuera les demandes de subvention de projets;\r\n\u00b7 enverra un rapport aux Provinciaux, aux Sup\u00e9rieurs R\u00e9gionaux d\u00e9taillant les projets recommand\u00e9s et non recommand\u00e9s, les uns et les autres avec le budget du montant requis pour chaque projet. Les Provinciaux et les R\u00e9gionaux seront invit\u00e9s \u00e0 notifier au Conseil G\u00e9n\u00e9ral leur \u00e8valuation des projets soumis. Le Conseil G\u00e9n\u00e9ral d\u00e9cidera en dernier ressort quels projets sont approuv\u00e9s pour ex\u00e9cution.<\/p>\n\n\n\n<h2 class=\"wp-block-heading\">III. Le Centre d\u2019Information<\/h2>\n\n\n\n<p>1. Un centre \u00e9lectronique d\u2019information sera cr\u00e9\u00e9 comme organe de la Commission internationale et administr\u00e9 par un membre de l\u2019ICSS ou une autre personne nomm\u00e9e \u00e0 ce poste par le Conseil G\u00e9n\u00e9ral. Cette personne sera sous la direction de l\u2019ICSS.<\/p>\n\n\n\n<p>2. Le Centre d\u2019Information exercera les t\u00e2ches suivantes:\r\na) Il rassemble toutes les communications sur les institutions, activit\u00e9s, \u00e9tudes et projets, \u00e0 l\u2019int\u00e9rieur et \u00e0 l\u2019ext\u00e9rieur de la Congr\u00e9gation.\r\nb) Il en fait circuler l\u2019information par un bulletin r\u00e9guli\u00e8rement publi\u00e9, ou en certains cas par des circulaires sp\u00e9ciales.<\/p>\n\n\n\n<p>3. Dans chaque Province ou R\u00e9gion (ou apr\u00e8s accord, dans plusieurs Provinces\/R\u00e9gions de m\u00eame langue), un Centre r\u00e9gional des \u00c9tudes Sal\u00easiennes sera install\u00e9. L\u2019administration et l\u2019organisation en seront determin\u00e9es par les Provinces\/R\u00e9gions concern\u00e9es. Il est recommand\u00e9, si c\u2019est possible, que ce soit un centre \u00e9lectronique reli\u00e9 au WORLD WIDE WEB, ce qui permettra une liaison facile au site des \u00e9tudes Sal\u00e9siennes de l\u2019ICSS.\r\na) Ces Centres tiendront le Centre International d\u2019Information r\u00e9guli\u00e8rement inform\u00e9, de tout ce qui est digne d\u2019int\u00e9r\u00eat pour les Etudes Sal\u00e9siennes et les activit\u00e9s existantes dans leur secteur.\r\nb) Ils feront circuler l\u2019information re\u00e7ue du Centre International, d\u2019une mani\u00e8re appropri\u00e9e.\r\nc) Ils coordonneront les activit\u00e9s dans leur aire g\u00e9ographique et leur procureront encouragement et aide.<\/p>\n\n\n\n<p>4. M\u00eame si l\u2019ICSS met l\u2019accent sur les technologies nouvelles pour la diffusion et la promotion des Etudes sal\u00e9siennes, ceci ne signifie pas que les techniques plus traditionelles deviennent p\u00e9rim\u00e9es. Les nouvelles possibilit\u00e9s offertes par l\u2019Internet ne les remplacent pas mais les compl\u00e8ment.<\/p>\n\n\n\n<h2 class=\"wp-block-heading\">IV. Financement<\/h2>\n\n\n\n<p>1. L\u2019ICSS functionnera avec un budget annuel approuv\u00e9 par le Conseil G\u00e9n\u00e9ral. En r\u00e8gle g\u00e9n\u00e9rale, il ne d\u00e9passera pas 15.000 $.\r\n\r\n2. Ce budget sera financ\u00e9 selon les modalit\u00e9s suivantes: une moiti\u00e9 sera une contribution sur une base d\u2019\u00e9galit\u00e9 par les Provinces, l\u2019autre moiti\u00e9 au prorata de leurs membres.\r\n\r\n3. L\u2019ann\u00e9e comptable de la Commission internationale va du 1er Septembre au 31 ao\u00fbt de l\u2019ann\u00e9e suivante.<\/p>\n\n\n\n<h2 class=\"wp-block-heading\">V. Guide des procedures d\u2019Approbation<\/h2>\n\n\n\n<p>Pour l\u2019aide financi\u00e8re aux projets qui offrent un int\u00e9r\u00eat et une importance pour toute la Congr\u00e9gation, les r\u00e8gles suivantes s\u2019appliquent:<\/p>\n\n\n\n<p>1. La Commission Internationale peut de sa propre initiative sugg\u00e9rer des projets qui pr\u00e9sentent un int\u00e9r\u00eat imm\u00e9diat pour toute la Congr\u00e9gation et les recommander pour une subvention.<\/p>\n\n\n\n<p>2. Chaque Oblat ou groupe d\u2019Oblats peut faire une demande de moyens financiers pour la promotion de projets sp\u00e9cifiques selon la proc\u00e9dure suivante:\r\na) Pour chaque projet, une demande s\u00e9par\u00e9e selon la forme approuv\u00e9e est \u00e0 soumettre au Pr\u00e9sident de l\u2019ICSS pour le 30 Avril avant le d\u00e9but de la nouvelle ann\u00e9e comptable.\r\nb) La Commission \u00e9value toutes les demandes selon leur utilit\u00e9 pour les \u00e8tudes sal\u00e9siennes et les pr\u00e9sente avec son \u00e9valuation au G\u00e9n\u00e9ral et son Conseil, aux Provinciaux et R\u00e9gionaux.\r\nc) Le Conseil G\u00e9n\u00e9ral, apr\u00e8s avoir re\u00e7u les remarques des Provinciaux, des R\u00e9gionaux et de l\u2019ICSS d\u00e9cide si une subvention doit \u00eatre allou\u00e9e et de quel montant.\r\nd) Tous les demandeurs seront inform\u00e9s par \u00e8crit de la r\u00e9ponse \u00e0 leur demande, par le pr\u00e9sident de la Comission. La Congr\u00e9gation sera inform\u00e9e par le G\u00e9n\u00e9ralat.\r\ne) Ceux qui ont re\u00e7u une subvention devront fournier un rapport annuel, indiquant si et comment ils ont ex\u00e9cut\u00e9 leur projet. Ce rapport est fourni au pr\u00e9sident de l\u2019ICSS avant le 1er juin.<\/p>\n\n\n\n<p>3. La subvention ds projets d\u2019\u00e9tudes sal\u00e9siennes respecte les r\u00e9gles suivantes:\r\na) Le temps de travail des Oblats, en r\u00e8gle g\u00e8n\u00e8rale, ne sera pas pris en compte.\r\nb) Priorit\u00e9 est donn\u00e9e aux projets directement utiles \u00e0 la Congr\u00e9gation enti\u00e8re et qui correspondent aux priorit\u00e9s actuelles recommand\u00e9es par l\u2019ICSS et approuv\u00e9es par le Conseil G\u00e9n\u00e9ral. Ceux-ci seront totalement financ\u00e9s sur le budget de la Commission Internationale. Les projets et \u00e9tudes importantes pour la recherche sal\u00e9sienne seront \u00e9galement financ\u00e9s \u00e0 l\u2019avenir, m\u00eame s\u2019ils ne sont pas fournis sous forme num\u00e9rique.\r\nc) Pour tous les autres projets, la moiti\u00e9 de la subvention accord\u00e9e sera \u00e0 la charge de la province d\u2019o\u00f9 \u00e9mane la demande et l\u2019autre moiti\u00e9 sera prise sur le budget de la Commission Internationale.\r\nd) Les traductions des documents sal\u00e9siens et oblats jug\u00e9s importants faire l\u2019objet d\u2019une subvention.\r\ne) Les projets approuv\u00e9s en cours d\u2019ex\u00e9cution ne seront pas subventionn\u00e9s au-del\u00e0 de trois ans, Au-del\u00e0 du temps de leur approbation, ils devront faire la preuve de leur viabilit\u00e9 financi\u00e8re.<\/p>\n","protected":false},"excerpt":{"rendered":"<p>DE LA COMMISSION INTERNATIONALE POUR LES \u00c9TUDES SALESIENNES (ICSS) de la congr\u00e9gation des oblats de saint Fran\u00e7ois de Sales (Version r\u00e9vis\u00e9e, ao\u00fbt 2005) En accord avec l\u2019instruction du 14\u00e8me chapitre G\u00e9n\u00e9ral (1976), le Conseil G\u00e8n\u00e9ral, avec l\u2019accord des Provinciaux et des Sup\u00e9rieurs R\u00e9gionaux a institu\u00e9 un organisme permanent pour la promotion des \u00e8tudes sal\u00e9siennes, avec [&hellip;]<\/p>\n","protected":false},"author":1,"featured_media":0,"parent":0,"menu_order":0,"comment_status":"closed","ping_status":"closed","template":"","meta":{"footnotes":""},"class_list":["post-1185","page","type-page","status-publish","hentry"],"_links":{"self":[{"href":"https:\/\/osfs.world\/icss\/fr\/wp-json\/wp\/v2\/pages\/1185","targetHints":{"allow":["GET"]}}],"collection":[{"href":"https:\/\/osfs.world\/icss\/fr\/wp-json\/wp\/v2\/pages"}],"about":[{"href":"https:\/\/osfs.world\/icss\/fr\/wp-json\/wp\/v2\/types\/page"}],"author":[{"embeddable":true,"href":"https:\/\/osfs.world\/icss\/fr\/wp-json\/wp\/v2\/users\/1"}],"replies":[{"embeddable":true,"href":"https:\/\/osfs.world\/icss\/fr\/wp-json\/wp\/v2\/comments?post=1185"}],"version-history":[{"count":11,"href":"https:\/\/osfs.world\/icss\/fr\/wp-json\/wp\/v2\/pages\/1185\/revisions"}],"predecessor-version":[{"id":1218,"href":"https:\/\/osfs.world\/icss\/fr\/wp-json\/wp\/v2\/pages\/1185\/revisions\/1218"}],"wp:attachment":[{"href":"https:\/\/osfs.world\/icss\/fr\/wp-json\/wp\/v2\/media?parent=1185"}],"curies":[{"name":"wp","href":"https:\/\/api.w.org\/{rel}","templated":true}]}}