{"id":492,"date":"2024-06-13T16:37:54","date_gmt":"2024-06-13T14:37:54","guid":{"rendered":"https:\/\/dev.osfs.world\/protection-des-donnees\/"},"modified":"2024-06-13T16:37:54","modified_gmt":"2024-06-13T14:37:54","slug":"protection-des-donnees","status":"publish","type":"page","link":"https:\/\/osfs.world\/fr\/protection-des-donnees\/","title":{"rendered":"Protection des donn\u00e9es"},"content":{"rendered":"\n<p>La mission du traitement des donn\u00e9es dans le domaine eccl\u00e9siastique est de promouvoir l&rsquo;activit\u00e9 des institutions de notre province. Dans ce contexte, il faut garantir que l&rsquo;individu soit prot\u00e9g\u00e9 dans son droit \u00e0 la personnalit\u00e9 par le traitement de ses donn\u00e9es personnelles. En raison du droit de l&rsquo;Eglise catholique de r\u00e9gler elle-m\u00eame ses affaires, l&rsquo;ordonnance sur la protection des donn\u00e9es eccl\u00e9siastiques dans sa version du 8.5. 2012 est mise en vigueur \u00e0 cet effet pour le domaine de juridiction des Oblats de Saint Fran\u00e7ois de Sales en Allemagne.  <\/p>\n\n<h2 class=\"wp-block-heading\">D\u00e9claration de confidentialit\u00e9 pour l&rsquo;utilisation de Google Analytics<\/h2>\n\n<p>Ce site web utilise Google Analytics, un service d&rsquo;analyse web de Google Inc (\u00ab\u00a0Google\u00a0\u00bb).  Google Analytics utilise des \u00ab\u00a0cookies\u00a0\u00bb, des fichiers texte qui sont enregistr\u00e9s sur votre ordinateur et qui permettent d&rsquo;analyser votre utilisation du site web. Les informations g\u00e9n\u00e9r\u00e9es par le cookie concernant votre utilisation de ce site web sont g\u00e9n\u00e9ralement transmises \u00e0 un serveur de Google aux \u00c9tats-Unis et y sont enregistr\u00e9es.<\/p>\n\n<p>Si l&rsquo;anonymisation IP est activ\u00e9e sur ce site, votre adresse IP sera toutefois pr\u00e9alablement abr\u00e9g\u00e9e par Google dans les \u00c9tats membres de l&rsquo;Union europ\u00e9enne ou dans d&rsquo;autres \u00c9tats parties \u00e0 l&rsquo;accord sur l&rsquo;Espace \u00e9conomique europ\u00e9en. Ce n&rsquo;est que dans des cas exceptionnels que l&rsquo;adresse IP compl\u00e8te est transmise \u00e0 un serveur de Google aux \u00c9tats-Unis et y est raccourcie. Google utilisera ces informations pour le compte de l&rsquo;exploitant de ce site web afin d&rsquo;\u00e9valuer votre utilisation du site, de compiler des rapports sur l&rsquo;activit\u00e9 du site et de fournir \u00e0 l&rsquo;exploitant du site d&rsquo;autres services li\u00e9s \u00e0 l&rsquo;activit\u00e9 du site et \u00e0 l&rsquo;utilisation d&rsquo;Internet. L&rsquo;adresse IP transmise par votre navigateur dans le cadre de Google Analytics ne sera pas recoup\u00e9e avec d&rsquo;autres donn\u00e9es de Google.<\/p>\n\n<p>Vous pouvez emp\u00eacher l&rsquo;enregistrement des cookies en param\u00e9trant votre logiciel de navigation en cons\u00e9quence ; nous attirons toutefois votre attention sur le fait que, dans ce cas, vous ne pourrez peut-\u00eatre pas utiliser toutes les fonctions de ce site web dans leur int\u00e9gralit\u00e9. Vous pouvez en outre emp\u00eacher la saisie par Google des donn\u00e9es g\u00e9n\u00e9r\u00e9es par le cookie et se rapportant \u00e0 votre utilisation du site web (y compris votre adresse IP) ainsi que le traitement de ces donn\u00e9es par Google en t\u00e9l\u00e9chargeant et en installant le plug-in de navigateur disponible sous le lien suivant <a href=\"http:\/\/tools.google.com\/dlpage\/gaoptout?hl=de\" target=\"_blank\" rel=\"noreferrer noopener\">http:\/\/tools.google.com\/dlpage\/gaoptout?hl=de<\/a>.<\/p>\n\n<h2 class=\"wp-block-heading\">Le responsable de la protection des donn\u00e9es pour le domaine de juridiction des Oblats de Saint Fran\u00e7ois de Sales en Allemagne est: <\/h2>\n\n<p><strong>Jupp Joachimski<\/strong><br\/>(Responsable dioc\u00e9sain de la protection des donn\u00e9es)<br\/>Rochusstra\u00dfe 5<br\/>80333 Munich<br\/>T\u00e9l\u00e9phone : 0173 8467227 (tous les mardis de 14h00 \u00e0 17h00)<br\/>E-Mail: <a href=\"mailto:joachimski@orden.de\" target=\"_blank\" rel=\"noreferrer noopener\">joachimski@orden.de<\/a><\/p>\n\n<p><strong>P. Sebastian Leitner<\/strong><br\/>(D\u00e9l\u00e9gu\u00e9 \u00e0 la protection des donn\u00e9es de l&rsquo;entreprise)<br\/>T\u00e9l\u00e9phone : 0043 1 320 66 97<br\/>E-Mail: <a href=\"mailto:leitner@osfs.eu\" target=\"_blank\" rel=\"noreferrer noopener\">leitner@osfs.eu<\/a><\/p>\n\n<h2 class=\"wp-block-heading\">Validit\u00e9 juridique de la pr\u00e9sente clause de non-responsabilit\u00e9<\/h2>\n\n<p>Cette exclusion de responsabilit\u00e9 doit \u00eatre consid\u00e9r\u00e9e comme faisant partie int\u00e9grante de l&rsquo;offre Internet \u00e0 partir de laquelle il a \u00e9t\u00e9 fait r\u00e9f\u00e9rence \u00e0 cette page.<\/p>\n\n<p>Si certaines dispositions des pr\u00e9sentes conditions d&rsquo;utilisation et de la clause de non-responsabilit\u00e9 sont ou deviennent invalides ou nulles, cela n&rsquo;affecte pas la validit\u00e9 des autres dispositions de ces r\u00e8glements.<\/p>\n","protected":false},"excerpt":{"rendered":"<p>La mission du traitement des donn\u00e9es dans le domaine eccl\u00e9siastique est de promouvoir l&rsquo;activit\u00e9 des institutions de notre province. Dans ce contexte, il faut garantir que l&rsquo;individu soit prot\u00e9g\u00e9 dans son droit \u00e0 la personnalit\u00e9 par le traitement de ses donn\u00e9es personnelles. En raison du droit de l&rsquo;Eglise catholique de r\u00e9gler elle-m\u00eame ses affaires, l&rsquo;ordonnance [&hellip;]<\/p>\n","protected":false},"author":1,"featured_media":0,"parent":0,"menu_order":0,"comment_status":"closed","ping_status":"closed","template":"","meta":{"_acf_changed":false,"footnotes":""},"class_list":["post-492","page","type-page","status-publish","hentry"],"acf":[],"_links":{"self":[{"href":"https:\/\/osfs.world\/fr\/wp-json\/wp\/v2\/pages\/492","targetHints":{"allow":["GET"]}}],"collection":[{"href":"https:\/\/osfs.world\/fr\/wp-json\/wp\/v2\/pages"}],"about":[{"href":"https:\/\/osfs.world\/fr\/wp-json\/wp\/v2\/types\/page"}],"author":[{"embeddable":true,"href":"https:\/\/osfs.world\/fr\/wp-json\/wp\/v2\/users\/1"}],"replies":[{"embeddable":true,"href":"https:\/\/osfs.world\/fr\/wp-json\/wp\/v2\/comments?post=492"}],"version-history":[{"count":1,"href":"https:\/\/osfs.world\/fr\/wp-json\/wp\/v2\/pages\/492\/revisions"}],"predecessor-version":[{"id":493,"href":"https:\/\/osfs.world\/fr\/wp-json\/wp\/v2\/pages\/492\/revisions\/493"}],"wp:attachment":[{"href":"https:\/\/osfs.world\/fr\/wp-json\/wp\/v2\/media?parent=492"}],"curies":[{"name":"wp","href":"https:\/\/api.w.org\/{rel}","templated":true}]}}