{"id":370,"date":"2024-06-08T12:09:14","date_gmt":"2024-06-08T10:09:14","guid":{"rendered":"https:\/\/dev.osfs.world\/impressum\/"},"modified":"2024-06-10T18:49:15","modified_gmt":"2024-06-10T16:49:15","slug":"impressum","status":"publish","type":"page","link":"https:\/\/osfs.world\/fr\/impressum\/","title":{"rendered":"Impressum"},"content":{"rendered":"\t\t<div data-elementor-type=\"wp-page\" data-elementor-id=\"370\" class=\"elementor elementor-370 elementor-237\" data-elementor-post-type=\"page\">\n\t\t\t\t\t\t<section class=\"elementor-section elementor-top-section elementor-element elementor-element-6f5f1ebd elementor-section-boxed elementor-section-height-default elementor-section-height-default\" data-id=\"6f5f1ebd\" data-element_type=\"section\" data-e-type=\"section\" data-settings=\"{&quot;jet_parallax_layout_list&quot;:[]}\">\n\t\t\t\t\t\t<div class=\"elementor-container elementor-column-gap-default\">\n\t\t\t\t\t<div class=\"elementor-column elementor-col-100 elementor-top-column elementor-element elementor-element-7c1ae11c\" data-id=\"7c1ae11c\" data-element_type=\"column\" data-e-type=\"column\">\n\t\t\t<div class=\"elementor-widget-wrap elementor-element-populated\">\n\t\t\t\t\t\t<div class=\"elementor-element elementor-element-1eebb4b8 elementor-widget elementor-widget-text-editor\" data-id=\"1eebb4b8\" data-element_type=\"widget\" data-e-type=\"widget\" data-widget_type=\"text-editor.default\">\n\t\t\t\t<div class=\"elementor-widget-container\">\n\t\t\t\t\t\t\t\t\t\n<h2 class=\"wp-block-heading\">Propri\u00e9taire du site Internet :<\/h2>\n\n<p>Oblats de Saint Fran\u00e7ois de Sales (OSFS)<br>Congr\u00e9gation religieuse de l&rsquo;\u00c9glise catholique<\/p>\n\n<p><strong>Sup\u00e9rieur g\u00e9n\u00e9ral:<br><\/strong>Barry R. Strong<br>OSFS Curia Generalizia<br>Via Dandolo 49<br>00153 Rome<br>Italie<\/p>\n<p><strong>R\u00e9daction:<\/strong><br>Herbert Winklehner<br>Ettingshausengasse 1<br>1190 Vienne<br>Autriche<\/p>\n\n<h2 class=\"wp-block-heading\">Contenu du site :<\/h2>\n\n<p>L&rsquo;exploitant n&rsquo;assume aucune garantie quant \u00e0 l&rsquo;actualit\u00e9, l&rsquo;exactitude, l&rsquo;exhaustivit\u00e9 ou la qualit\u00e9 des informations mises \u00e0 disposition. L&rsquo;exploitant n&rsquo;assume aucune garantie quant \u00e0 l&rsquo;actualit\u00e9, l&rsquo;exactitude, l&rsquo;exhaustivit\u00e9 ou la qualit\u00e9 des informations mises \u00e0 disposition. Toute pr\u00e9tention en responsabilit\u00e9 \u00e0 l&rsquo;encontre de l&rsquo;exploitant se rapportant \u00e0 des dommages mat\u00e9riels ou immat\u00e9riels caus\u00e9s par l&rsquo;utilisation ou la non-utilisation des informations pr\u00e9sent\u00e9es ou par l&rsquo;utilisation d&rsquo;informations erron\u00e9es ou incompl\u00e8tes est fondamentalement exclue, dans la mesure o\u00f9 il n&rsquo;est pas prouv\u00e9 que l&rsquo;exploitant a commis une faute intentionnelle ou une n\u00e9gligence grave.<\/p>\n<p>Toutes les offres sont sans engagement et non contractuelles. L&rsquo;exploitant se r\u00e9serve express\u00e9ment le droit de modifier, de compl\u00e9ter ou de supprimer des parties de pages ou l&rsquo;ensemble de l&rsquo;offre sans avis pr\u00e9alable, ou d&rsquo;en suspendre temporairement ou d\u00e9finitivement la publication.<\/p>\n\n<h2 class=\"wp-block-heading\">Liens:<\/h2>\n\n<p>En cas de renvois directs ou indirects \u00e0 des sites web \u00e9trangers (\u00ab\u00a0hyperliens\u00a0\u00bb) qui ne rel\u00e8vent pas de la responsabilit\u00e9 de l&rsquo;exploitant, une obligation de responsabilit\u00e9 entrerait exclusivement en vigueur dans le cas o\u00f9 l&rsquo;exploitant aurait connaissance des contenus et qu&rsquo;il lui serait techniquement possible et raisonnable d&#8217;emp\u00eacher l&rsquo;utilisation en cas de contenus ill\u00e9gaux.<\/p>\n<p>L&rsquo;exploitant d\u00e9clare express\u00e9ment par la pr\u00e9sente qu&rsquo;au moment de l&rsquo;\u00e9tablissement des liens, aucun contenu ill\u00e9gal n&rsquo;\u00e9tait identifiable sur les pages \u00e0 relier. L&rsquo;exploitant n&rsquo;a aucune influence sur la conception actuelle et future, les contenus ou la paternit\u00e9 des pages li\u00e9es\/associ\u00e9es. C&rsquo;est pourquoi nous nous distan\u00e7ons express\u00e9ment par la pr\u00e9sente de tous les contenus de toutes les pages li\u00e9es\/associ\u00e9es qui ont \u00e9t\u00e9 modifi\u00e9es apr\u00e8s l&rsquo;\u00e9tablissement des liens. Cette constatation s&rsquo;applique \u00e0 tous les liens et renvois cr\u00e9\u00e9s dans le cadre de la propre offre Internet ainsi qu&rsquo;aux inscriptions de tiers dans les livres d&rsquo;or, forums de discussion et listes de diffusion cr\u00e9\u00e9s par l&rsquo;exploitant. Seul le fournisseur de la page \u00e0 laquelle il a \u00e9t\u00e9 renvoy\u00e9 est responsable des contenus ill\u00e9gaux, erron\u00e9s ou incomplets et en particulier des dommages r\u00e9sultant de l&rsquo;utilisation ou de la non-utilisation des informations ainsi pr\u00e9sent\u00e9es, et non celui qui ne fait que renvoyer \u00e0 la publication concern\u00e9e par le biais de liens.<\/p>\n<h2>Droit d&rsquo;auteur et droit des marques:<\/h2>\n<p>L&rsquo;exploitant s&rsquo;efforce de respecter dans toutes les publications les droits d&rsquo;auteur des graphiques, documents sonores, s\u00e9quences vid\u00e9o et textes utilis\u00e9s, d&rsquo;utiliser des graphiques, documents sonores, s\u00e9quences vid\u00e9o et textes qu&rsquo;il a lui-m\u00eame cr\u00e9\u00e9s ou de recourir \u00e0 des graphiques, documents sonores, s\u00e9quences vid\u00e9o et textes libres de droits.<\/p>\n<p>Toutes les marques et marques d\u00e9pos\u00e9es mentionn\u00e9es dans l&rsquo;offre Internet et \u00e9ventuellement prot\u00e9g\u00e9es par des tiers sont soumises sans restriction aux dispositions du droit des marques en vigueur et aux droits de propri\u00e9t\u00e9 des propri\u00e9taires enregistr\u00e9s respectifs. Allein aufgrund der blo\u00dfen Nennung ist nicht der Schluss zu ziehen, dass Markenzeichen nicht durch Rechte Dritter gesch\u00fctzt sind! La simple mention d&rsquo;une marque ne permet pas de conclure qu&rsquo;elle n&rsquo;est pas prot\u00e9g\u00e9e par des droits de tiers !<\/p>\n<p>Les droits d&rsquo;exploitation et d&rsquo;utilisation (en anglais copyright) des objets publi\u00e9s et cr\u00e9\u00e9s par l&rsquo;exploitant lui-m\u00eame restent la propri\u00e9t\u00e9 exclusive de l&rsquo;exploitant des pages. Toute reproduction ou utilisation de tels graphiques, documents sonores, s\u00e9quences vid\u00e9o et textes dans d&rsquo;autres publications \u00e9lectroniques ou imprim\u00e9es est interdite sans l&rsquo;autorisation expresse de l&rsquo;exploitant.<\/p>\n\n<h2 class=\"wp-block-heading\">Protection des donn\u00e9es :<\/h2>\n\n<p>Toutes les donn\u00e9es personnelles sont prot\u00e9g\u00e9es par un mot de passe. Leur publication repose sur le consentement des personnes concern\u00e9es.<\/p>\n\t\t\t\t\t\t\t\t<\/div>\n\t\t\t\t<\/div>\n\t\t\t\t\t<\/div>\n\t\t<\/div>\n\t\t\t\t\t<\/div>\n\t\t<\/section>\n\t\t\t\t<\/div>\n\t\t","protected":false},"excerpt":{"rendered":"<p>Propri\u00e9taire du site Internet : Oblats de Saint Fran\u00e7ois de Sales (OSFS)Congr\u00e9gation religieuse de l&rsquo;\u00c9glise catholique Sup\u00e9rieur g\u00e9n\u00e9ral:Barry R. StrongOSFS Curia GeneraliziaVia Dandolo 4900153 RomeItalie R\u00e9daction:Herbert WinklehnerEttingshausengasse 11190 VienneAutriche Contenu du site : L&rsquo;exploitant n&rsquo;assume aucune garantie quant \u00e0 l&rsquo;actualit\u00e9, l&rsquo;exactitude, l&rsquo;exhaustivit\u00e9 ou la qualit\u00e9 des informations mises \u00e0 disposition. L&rsquo;exploitant n&rsquo;assume aucune garantie quant [&hellip;]<\/p>\n","protected":false},"author":1,"featured_media":0,"parent":0,"menu_order":0,"comment_status":"closed","ping_status":"closed","template":"","meta":{"_acf_changed":false,"footnotes":""},"class_list":["post-370","page","type-page","status-publish","hentry"],"acf":[],"_links":{"self":[{"href":"https:\/\/osfs.world\/fr\/wp-json\/wp\/v2\/pages\/370","targetHints":{"allow":["GET"]}}],"collection":[{"href":"https:\/\/osfs.world\/fr\/wp-json\/wp\/v2\/pages"}],"about":[{"href":"https:\/\/osfs.world\/fr\/wp-json\/wp\/v2\/types\/page"}],"author":[{"embeddable":true,"href":"https:\/\/osfs.world\/fr\/wp-json\/wp\/v2\/users\/1"}],"replies":[{"embeddable":true,"href":"https:\/\/osfs.world\/fr\/wp-json\/wp\/v2\/comments?post=370"}],"version-history":[{"count":6,"href":"https:\/\/osfs.world\/fr\/wp-json\/wp\/v2\/pages\/370\/revisions"}],"predecessor-version":[{"id":466,"href":"https:\/\/osfs.world\/fr\/wp-json\/wp\/v2\/pages\/370\/revisions\/466"}],"wp:attachment":[{"href":"https:\/\/osfs.world\/fr\/wp-json\/wp\/v2\/media?parent=370"}],"curies":[{"name":"wp","href":"https:\/\/api.w.org\/{rel}","templated":true}]}}