{"id":198,"date":"2022-09-27T10:58:11","date_gmt":"2022-09-27T08:58:11","guid":{"rendered":"https:\/\/dev.osfs.world\/osfs-world\/"},"modified":"2024-06-18T10:18:57","modified_gmt":"2024-06-18T08:18:57","slug":"osfs-world","status":"publish","type":"page","link":"https:\/\/osfs.world\/fr\/","title":{"rendered":"OSFS World"},"content":{"rendered":"\t\t<div data-elementor-type=\"wp-page\" data-elementor-id=\"198\" class=\"elementor elementor-198 elementor-24\" data-elementor-post-type=\"page\">\n\t\t\t\t\t\t<section class=\"elementor-section elementor-top-section elementor-element elementor-element-4260d14 elementor-section-full_width elementor-section-height-default elementor-section-height-default\" data-id=\"4260d14\" data-element_type=\"section\" data-e-type=\"section\" data-settings=\"{&quot;jet_parallax_layout_list&quot;:[]}\">\n\t\t\t\t\t\t<div class=\"elementor-container elementor-column-gap-default\">\n\t\t\t\t\t<div class=\"elementor-column elementor-col-100 elementor-top-column elementor-element elementor-element-98fcac0\" data-id=\"98fcac0\" data-element_type=\"column\" data-e-type=\"column\">\n\t\t\t<div class=\"elementor-widget-wrap elementor-element-populated\">\n\t\t\t\t\t\t<div class=\"elementor-element elementor-element-507879e elementor-widget elementor-widget-shortcode\" data-id=\"507879e\" data-element_type=\"widget\" data-e-type=\"widget\" data-widget_type=\"shortcode.default\">\n\t\t\t\t<div class=\"elementor-widget-container\">\n\t\t\t\t\t\t\t<div class=\"elementor-shortcode\"><div class=\"map_wrapper\" id=\"map_wrapper_70\">\n<div class=\"map_box\" style=\"max-width:4000px\">\n<div class=\"map_aspect_ratio\" style=\"padding-top:56%\" data-padding-top=\"56%\" data-padding-top-mobile=\"0%\">\n<div class=\"map_container\">\n<div class=\"map_render map_loading\" id=\"map_70\"><\/div>\n<\/div>\n<\/div>\n<\/div>\n<\/div><\/div>\n\t\t\t\t\t\t<\/div>\n\t\t\t\t<\/div>\n\t\t\t\t\t<\/div>\n\t\t<\/div>\n\t\t\t\t\t<\/div>\n\t\t<\/section>\n\t\t\t\t<section class=\"elementor-section elementor-top-section elementor-element elementor-element-abac63f elementor-section-boxed elementor-section-height-default elementor-section-height-default\" data-id=\"abac63f\" data-element_type=\"section\" data-e-type=\"section\" data-settings=\"{&quot;jet_parallax_layout_list&quot;:[]}\">\n\t\t\t\t\t\t<div class=\"elementor-container elementor-column-gap-default\">\n\t\t\t\t\t<div class=\"elementor-column elementor-col-100 elementor-top-column elementor-element elementor-element-7855fc0\" data-id=\"7855fc0\" data-element_type=\"column\" data-e-type=\"column\">\n\t\t\t<div class=\"elementor-widget-wrap elementor-element-populated\">\n\t\t\t\t\t\t<div class=\"elementor-element elementor-element-f97c721 elementor-widget elementor-widget-text-editor\" data-id=\"f97c721\" data-element_type=\"widget\" data-e-type=\"widget\" data-widget_type=\"text-editor.default\">\n\t\t\t\t<div class=\"elementor-widget-container\">\n\t\t\t\t\t\t\t\t\t<p><a href=\"http:\/\/www.osfs-france.net\/\">Province France-Afrique de l&rsquo;Ouest<\/a> | <a href=\"http:\/\/www.osfs-italia.net\/\">Province italienne<\/a> | <a href=\"http:\/\/www.osfs.eu\/\">Province germanophone<\/a> |<br \/><a href=\"http:\/\/www.oblaten.osfs.nl\/\">Communaut\u00e9 n\u00e9erlandaise<\/a> | <a href=\"http:\/\/www.oblates.org\/\">Province de Wilmington-Philadelphie<\/a> | <a href=\"http:\/\/www.oblates.us\/\">Province Toledo-Detroit<\/a> |<br \/><a href=\"http:\/\/www.oblatos.org.br\/index.htm\">Province Am\u00e9rique du Sud e Caraibes<\/a> | <a href=\"http:\/\/www.osfs-saregion.net\/\">R\u00e9gion de l&rsquo;Afrique australe<\/a> | <a href=\"http:\/\/www.oblates.in\/\">R\u00e9gion de l&rsquo;Inde<\/a><\/p>\n\t\t\t\t\t\t\t\t<\/div>\n\t\t\t\t<\/div>\n\t\t\t\t\t<\/div>\n\t\t<\/div>\n\t\t\t\t\t<\/div>\n\t\t<\/section>\n\t\t\t\t<\/div>\n\t\t","protected":false},"excerpt":{"rendered":"<p>Province France-Afrique de l&rsquo;Ouest | Province italienne | Province germanophone |Communaut\u00e9 n\u00e9erlandaise | Province de Wilmington-Philadelphie | Province Toledo-Detroit |Province Am\u00e9rique du Sud e Caraibes | R\u00e9gion de l&rsquo;Afrique australe | R\u00e9gion de l&rsquo;Inde<\/p>\n","protected":false},"author":1,"featured_media":0,"parent":0,"menu_order":0,"comment_status":"closed","ping_status":"closed","template":"elementor_header_footer","meta":{"_acf_changed":false,"footnotes":""},"class_list":["post-198","page","type-page","status-publish","hentry"],"acf":[],"_links":{"self":[{"href":"https:\/\/osfs.world\/fr\/wp-json\/wp\/v2\/pages\/198","targetHints":{"allow":["GET"]}}],"collection":[{"href":"https:\/\/osfs.world\/fr\/wp-json\/wp\/v2\/pages"}],"about":[{"href":"https:\/\/osfs.world\/fr\/wp-json\/wp\/v2\/types\/page"}],"author":[{"embeddable":true,"href":"https:\/\/osfs.world\/fr\/wp-json\/wp\/v2\/users\/1"}],"replies":[{"embeddable":true,"href":"https:\/\/osfs.world\/fr\/wp-json\/wp\/v2\/comments?post=198"}],"version-history":[{"count":26,"href":"https:\/\/osfs.world\/fr\/wp-json\/wp\/v2\/pages\/198\/revisions"}],"predecessor-version":[{"id":542,"href":"https:\/\/osfs.world\/fr\/wp-json\/wp\/v2\/pages\/198\/revisions\/542"}],"wp:attachment":[{"href":"https:\/\/osfs.world\/fr\/wp-json\/wp\/v2\/media?parent=198"}],"curies":[{"name":"wp","href":"https:\/\/api.w.org\/{rel}","templated":true}]}}