{"id":240,"date":"2022-09-28T10:16:48","date_gmt":"2022-09-28T08:16:48","guid":{"rendered":"https:\/\/dev.osfs.world\/?page_id=240"},"modified":"2024-06-10T21:58:43","modified_gmt":"2024-06-10T19:58:43","slug":"privacy-policy","status":"publish","type":"page","link":"https:\/\/osfs.world\/de\/privacy-policy\/","title":{"rendered":"Datenschutz"},"content":{"rendered":"\n<p>Die Aufgabe der Datenverarbeitung im kirchlichen Bereich ist es, die T\u00e4tigkeit der Einrichtungen unserer Provinz zu f\u00f6rdern. Dabei muss gew\u00e4hrleistet sein, dass der Einzelne durch den Umgang mit seinen personenbezogenen Daten in seinem Pers\u00f6nlichkeitsrecht gesch\u00fctzt wird. Aufgrund des Rechtes der Katholischen Kirche, ihre Angelegenheiten selbst zu regeln, wird zu diesem Zweck f\u00fcr den Jurisdiktionsbereich der Oblaten des hl. Franz von Sales in Deutschland die Anordnung \u00fcber den kirchlichen Datenschutz in der Fassung vom 8.5. 2012 in Kraft gesetzt.<\/p>\n\n\n\n<h2 class=\"wp-block-heading\">Datenschutzerkl\u00e4rung f\u00fcr die Nutzung von Google Analytics<\/h2>\n\n\n\n<p>Diese Website benutzt Google Analytics, einen Webanalysedienst der Google Inc. (\u201eGoogle\u201c). Google Analytics verwendet sog. \u201eCookies\u201c, Textdateien, die auf Ihrem Computer gespeichert werden und die eine Analyse der Benutzung der Website durch Sie erm\u00f6glichen. Die durch den Cookie erzeugten Informationen \u00fcber Ihre Benutzung dieser Website werden in der Regel an einen Server von Google in den USA \u00fcbertragen und dort gespeichert.<\/p>\n\n\n\n<p>Im Falle der Aktivierung der IP-Anonymisierung auf dieser Webseite, wird Ihre IP-Adresse von Google jedoch innerhalb von Mitgliedstaaten der Europ\u00e4ischen Union oder in anderen Vertragsstaaten des Abkommens \u00fcber den Europ\u00e4ischen Wirtschaftsraum zuvor gek\u00fcrzt. Nur in Ausnahmef\u00e4llen wird die volle IP-Adresse an einen Server von Google in den USA \u00fcbertragen und dort gek\u00fcrzt. Im Auftrag des Betreibers dieser Website wird Google diese Informationen benutzen, um Ihre Nutzung der Website auszuwerten, um Reports \u00fcber die Websiteaktivit\u00e4ten zusammenzustellen und um weitere mit der Websitenutzung und der Internetnutzung verbundene Dienstleistungen gegen\u00fcber dem Websitebetreiber zu erbringenDie im Rahmen von Google Analytics von Ihrem Browser \u00fcbermittelte IP-Adresse wird nicht mit anderen Daten von Google zusammengef\u00fchrt.<\/p>\n\n\n\n<p>Sie k\u00f6nnen die Speicherung der Cookies durch eine entsprechende Einstellung Ihrer Browser-Software verhindern; wir weisen Sie jedoch darauf hin, dass Sie in diesem Fall gegebenenfalls nicht s\u00e4mtliche Funktionen dieser Website vollumf\u00e4nglich werden nutzen k\u00f6nnen. Sie k\u00f6nnen dar\u00fcber hinaus die Erfassung der durch das Cookie erzeugten und auf Ihre Nutzung der Website bezogenen Daten (inkl. Ihrer IP-Adresse) an Google sowie die Verarbeitung dieser Daten durch Google verhindern, indem sie das unter dem folgenden Link verf\u00fcgbare Browser-Plugin herunterladen und installieren <a href=\"http:\/\/tools.google.com\/dlpage\/gaoptout?hl=de\" target=\"_blank\" rel=\"noreferrer noopener\">http:\/\/tools.google.com\/dlpage\/gaoptout?hl=de<\/a>.<\/p>\n\n\n\n<h2 class=\"wp-block-heading\">Der Datenschutzbeauftragte f\u00fcr den Jurisdiktionsbereich der Oblaten des hl. Franz von Sales in Deutschland ist:<\/h2>\n\n\n\n<p><strong>Herr Jupp Joachimski<\/strong><br>(Di\u00f6zesandatenschutzbeauftragter)<br>Rochusstra\u00dfe 5,<br>80333 M\u00fcnchen<br>Telefon: 0173 8467227 (jeweils Dienstag von 14:00 &#8211; 17:00 Uhr)<br>E-Mail: <a href=\"mailto:joachimski@orden.de\" target=\"_blank\" rel=\"noreferrer noopener\">joachimski@orden.de<\/a><\/p>\n\n\n\n<p><strong>P. Sebastian Leitner<\/strong><br>(Betrieblicher Datenschutzbeauftragter)<br>Telefon: 0043 1 320 66 97<br>E-Mail: <a href=\"mailto:leitner@osfs.eu\" target=\"_blank\" rel=\"noreferrer noopener\">leitner@osfs.eu<\/a><\/p>\n\n\n\n<h2 class=\"wp-block-heading\">Rechtswirksamkeit dieses Haftungsausschlusses<\/h2>\n\n\n\n<p>Dieser Haftungsausschluss ist als fester Teil des Internetangebotes zu betrachten, von dem aus auf diese Seite verwiesen wurde.<\/p>\n\n\n\n<p>Sollten einzelne Bestimmungen dieser Nutzungsbedingungen und des Haftungsausschlusses unwirksam oder nichtig sein oder werden, so ber\u00fchrt dies die G\u00fcltigkeit der \u00fcbrigen Bestimmungen dieser Regelungen nicht.<\/p>\n","protected":false},"excerpt":{"rendered":"<p>Die Aufgabe der Datenverarbeitung im kirchlichen Bereich ist es, die T\u00e4tigkeit der Einrichtungen unserer Provinz zu f\u00f6rdern. Dabei muss gew\u00e4hrleistet sein, dass der Einzelne durch den Umgang mit seinen personenbezogenen Daten in seinem Pers\u00f6nlichkeitsrecht gesch\u00fctzt wird. Aufgrund des Rechtes der Katholischen Kirche, ihre Angelegenheiten selbst zu regeln, wird zu diesem Zweck f\u00fcr den Jurisdiktionsbereich der [&hellip;]<\/p>\n","protected":false},"author":1,"featured_media":0,"parent":0,"menu_order":0,"comment_status":"closed","ping_status":"closed","template":"","meta":{"_acf_changed":false,"footnotes":""},"class_list":["post-240","page","type-page","status-publish","hentry"],"acf":[],"_links":{"self":[{"href":"https:\/\/osfs.world\/de\/wp-json\/wp\/v2\/pages\/240","targetHints":{"allow":["GET"]}}],"collection":[{"href":"https:\/\/osfs.world\/de\/wp-json\/wp\/v2\/pages"}],"about":[{"href":"https:\/\/osfs.world\/de\/wp-json\/wp\/v2\/types\/page"}],"author":[{"embeddable":true,"href":"https:\/\/osfs.world\/de\/wp-json\/wp\/v2\/users\/1"}],"replies":[{"embeddable":true,"href":"https:\/\/osfs.world\/de\/wp-json\/wp\/v2\/comments?post=240"}],"version-history":[{"count":4,"href":"https:\/\/osfs.world\/de\/wp-json\/wp\/v2\/pages\/240\/revisions"}],"predecessor-version":[{"id":473,"href":"https:\/\/osfs.world\/de\/wp-json\/wp\/v2\/pages\/240\/revisions\/473"}],"wp:attachment":[{"href":"https:\/\/osfs.world\/de\/wp-json\/wp\/v2\/media?parent=240"}],"curies":[{"name":"wp","href":"https:\/\/api.w.org\/{rel}","templated":true}]}}